{"id":19554,"date":"2025-11-25T18:44:09","date_gmt":"2025-11-25T17:44:09","guid":{"rendered":"https:\/\/www.hirtenberg-apotheke.at\/katalog\/produkt\/rausch-weizenkeim-naehr-kur-100-ml\/"},"modified":"2025-11-25T18:45:39","modified_gmt":"2025-11-25T17:45:39","slug":"rausch-weizenkeim-naehr-kur-100-ml","status":"publish","type":"product","link":"https:\/\/www.hirtenberg-apotheke.at\/katalog\/produkt\/rausch-weizenkeim-naehr-kur-100-ml\/","title":{"rendered":"Rausch Weizenkeim N\u00e4hr-Kur 100 ml"},"content":{"rendered":"<p>Rausch Weizenkeim N\u00e4hr-Kur dringt tief in die Kopfhaut und Haarfasern ein und liefert wichtige N\u00e4hrstoffe f\u00fcr gesundes und revitalisiertes Haar. Insbesondere nach starker Beanspruchung durch chemische Behandlungen oder Sonne, Meer- und Chlorwasser.Intensivkur mit 20 % naturreinem Zinnkrautextrakt sowie Weizenkeim- \u00d6l und kaltgepresstem Sonnenblumen-\u00d6l.<\/p>\n","protected":false},"excerpt":{"rendered":"<p>Rausch Weizenkeim N\u00e4hr-Kur dringt tief in die Kopfhaut und Haarfasern ein und liefert wichtige N\u00e4hrstoffe f\u00fcr gesundes und revitalisiertes Haar. Insbesondere nach starker Beanspruchung durch chemische Behandlungen oder Sonne, Meer- und Chlorwasser.Intensivkur mit 20 % naturreinem Zinnkrautextrakt sowie Weizenkeim- \u00d6l und kaltgepresstem Sonnenblumen-\u00d6l.<\/p>\n","protected":false},"featured_media":0,"template":"","meta":{"_acf_changed":false},"product_brand":[638],"product_cat":[311],"product_tag":[],"class_list":{"0":"post-19554","1":"product","2":"type-product","3":"status-publish","5":"product_brand-rausch","6":"product_cat-r","7":"pa_packungsgroesse-100ml","8":"pa_packungsgroesse-15ml","10":"first","11":"instock","12":"shipping-taxable","13":"purchasable","14":"product-type-simple"},"acf":[],"_links":{"self":[{"href":"https:\/\/www.hirtenberg-apotheke.at\/katalog\/wp-json\/wp\/v2\/product\/19554","targetHints":{"allow":["GET"]}}],"collection":[{"href":"https:\/\/www.hirtenberg-apotheke.at\/katalog\/wp-json\/wp\/v2\/product"}],"about":[{"href":"https:\/\/www.hirtenberg-apotheke.at\/katalog\/wp-json\/wp\/v2\/types\/product"}],"wp:attachment":[{"href":"https:\/\/www.hirtenberg-apotheke.at\/katalog\/wp-json\/wp\/v2\/media?parent=19554"}],"wp:term":[{"taxonomy":"product_brand","embeddable":true,"href":"https:\/\/www.hirtenberg-apotheke.at\/katalog\/wp-json\/wp\/v2\/product_brand?post=19554"},{"taxonomy":"product_cat","embeddable":true,"href":"https:\/\/www.hirtenberg-apotheke.at\/katalog\/wp-json\/wp\/v2\/product_cat?post=19554"},{"taxonomy":"product_tag","embeddable":true,"href":"https:\/\/www.hirtenberg-apotheke.at\/katalog\/wp-json\/wp\/v2\/product_tag?post=19554"}],"curies":[{"name":"wp","href":"https:\/\/api.w.org\/{rel}","templated":true}]}}