{"id":19585,"date":"2025-11-25T18:44:28","date_gmt":"2025-11-25T17:44:28","guid":{"rendered":"https:\/\/www.hirtenberg-apotheke.at\/katalog\/produkt\/medipharma-cosmetics-shampoo-200-ml-olivenoel\/"},"modified":"2025-11-25T18:44:31","modified_gmt":"2025-11-25T17:44:31","slug":"medipharma-cosmetics-shampoo-200-ml-olivenoel","status":"publish","type":"product","link":"https:\/\/www.hirtenberg-apotheke.at\/katalog\/produkt\/medipharma-cosmetics-shampoo-200-ml-olivenoel\/","title":{"rendered":"Medipharma Cosmetics Shampoo 200 ml Oliven\u00f6l"},"content":{"rendered":"<p>Medipharma Cosmetics Shampoo pflegt Ihr Haar besonders mild und schonend. Eine individuelle Pflege, die dem Haar wieder Glanz und Vitalit\u00e4t verleiht. Dieses Shampoo l\u00e4\u00dft t\u00e4gliches Haarwaschen zu einem Erlebnis werden.<\/p>\n","protected":false},"excerpt":{"rendered":"<p>Medipharma Cosmetics Shampoo pflegt Ihr Haar besonders mild und schonend. Eine individuelle Pflege, die dem Haar wieder Glanz und Vitalit\u00e4t verleiht. Dieses Shampoo l\u00e4\u00dft t\u00e4gliches Haarwaschen zu einem Erlebnis werden.<\/p>\n","protected":false},"featured_media":0,"template":"","meta":{"_acf_changed":false},"product_brand":[701],"product_cat":[308],"product_tag":[],"class_list":{"0":"post-19585","1":"product","2":"type-product","3":"status-publish","5":"product_brand-olivenoel-theiss","6":"product_cat-m","7":"pa_packungsgroesse-200ml","9":"first","10":"instock","11":"shipping-taxable","12":"purchasable","13":"product-type-simple"},"acf":[],"_links":{"self":[{"href":"https:\/\/www.hirtenberg-apotheke.at\/katalog\/wp-json\/wp\/v2\/product\/19585","targetHints":{"allow":["GET"]}}],"collection":[{"href":"https:\/\/www.hirtenberg-apotheke.at\/katalog\/wp-json\/wp\/v2\/product"}],"about":[{"href":"https:\/\/www.hirtenberg-apotheke.at\/katalog\/wp-json\/wp\/v2\/types\/product"}],"wp:attachment":[{"href":"https:\/\/www.hirtenberg-apotheke.at\/katalog\/wp-json\/wp\/v2\/media?parent=19585"}],"wp:term":[{"taxonomy":"product_brand","embeddable":true,"href":"https:\/\/www.hirtenberg-apotheke.at\/katalog\/wp-json\/wp\/v2\/product_brand?post=19585"},{"taxonomy":"product_cat","embeddable":true,"href":"https:\/\/www.hirtenberg-apotheke.at\/katalog\/wp-json\/wp\/v2\/product_cat?post=19585"},{"taxonomy":"product_tag","embeddable":true,"href":"https:\/\/www.hirtenberg-apotheke.at\/katalog\/wp-json\/wp\/v2\/product_tag?post=19585"}],"curies":[{"name":"wp","href":"https:\/\/api.w.org\/{rel}","templated":true}]}}