{"id":19589,"date":"2025-11-25T18:44:28","date_gmt":"2025-11-25T17:44:28","guid":{"rendered":"https:\/\/www.hirtenberg-apotheke.at\/katalog\/produkt\/rausch-huflattich-anti-schuppen-spuelung-200-ml\/"},"modified":"2025-11-25T18:44:34","modified_gmt":"2025-11-25T17:44:34","slug":"rausch-huflattich-anti-schuppen-spuelung-200-ml","status":"publish","type":"product","link":"https:\/\/www.hirtenberg-apotheke.at\/katalog\/produkt\/rausch-huflattich-anti-schuppen-spuelung-200-ml\/","title":{"rendered":"Rausch Huflattich Anti Schuppen Sp\u00fclung 200 ml"},"content":{"rendered":"<p class=\"MsoNormal\">Verst\u00e4rkt die Wirkung von Huflattich ANTI-SCHUPPEN Shampoo.Feuchtigkeitsspendend, beruhigt die Kopf- haut. F\u00fcr optimale K\u00e4mmbarkeit, Geschmeidigkeitund nat\u00fcrlichen Glanz. Mit wertvollen Extrakten aus Huflattich undKlettenwurzel.<\/p>\n<ul>\n<li>Befreit nachhaltig von Schuppen<\/li>\n<li>Mildert R\u00f6tungen und Juckreiz<\/li>\n<li>Reinigt schonend und mild<\/li>\n<li>Antimykotisch und leicht antiseptisch<\/li>\n<\/ul>\n<p>\u00a0<\/p>\n","protected":false},"excerpt":{"rendered":"<p>Verst\u00e4rkt die Wirkung von Huflattich ANTI-SCHUPPEN Shampoo.Feuchtigkeitsspendend, beruhigt die Kopf- haut. F\u00fcr optimale K\u00e4mmbarkeit, Geschmeidigkeitund nat\u00fcrlichen Glanz. Mit wertvollen Extrakten aus Huflattich undKlettenwurzel. Befreit nachhaltig von Schuppen Mildert R\u00f6tungen und Juckreiz Reinigt schonend und mild Antimykotisch und leicht antiseptisch \u00a0<\/p>\n","protected":false},"featured_media":19591,"template":"","meta":{"_acf_changed":false},"product_brand":[638],"product_cat":[311],"product_tag":[],"class_list":{"0":"post-19589","1":"product","2":"type-product","3":"status-publish","4":"has-post-thumbnail","6":"product_brand-rausch","7":"product_cat-r","8":"pa_packungsgroesse-200ml","10":"first","11":"instock","12":"shipping-taxable","13":"purchasable","14":"product-type-simple"},"acf":[],"_links":{"self":[{"href":"https:\/\/www.hirtenberg-apotheke.at\/katalog\/wp-json\/wp\/v2\/product\/19589","targetHints":{"allow":["GET"]}}],"collection":[{"href":"https:\/\/www.hirtenberg-apotheke.at\/katalog\/wp-json\/wp\/v2\/product"}],"about":[{"href":"https:\/\/www.hirtenberg-apotheke.at\/katalog\/wp-json\/wp\/v2\/types\/product"}],"wp:featuredmedia":[{"embeddable":true,"href":"https:\/\/www.hirtenberg-apotheke.at\/katalog\/wp-json\/wp\/v2\/media\/19591"}],"wp:attachment":[{"href":"https:\/\/www.hirtenberg-apotheke.at\/katalog\/wp-json\/wp\/v2\/media?parent=19589"}],"wp:term":[{"taxonomy":"product_brand","embeddable":true,"href":"https:\/\/www.hirtenberg-apotheke.at\/katalog\/wp-json\/wp\/v2\/product_brand?post=19589"},{"taxonomy":"product_cat","embeddable":true,"href":"https:\/\/www.hirtenberg-apotheke.at\/katalog\/wp-json\/wp\/v2\/product_cat?post=19589"},{"taxonomy":"product_tag","embeddable":true,"href":"https:\/\/www.hirtenberg-apotheke.at\/katalog\/wp-json\/wp\/v2\/product_tag?post=19589"}],"curies":[{"name":"wp","href":"https:\/\/api.w.org\/{rel}","templated":true}]}}