{"id":19617,"date":"2025-11-25T18:44:45","date_gmt":"2025-11-25T17:44:45","guid":{"rendered":"https:\/\/www.hirtenberg-apotheke.at\/katalog\/produkt\/rausch-styling-gel-strong-150-ml\/"},"modified":"2025-11-25T18:44:48","modified_gmt":"2025-11-25T17:44:48","slug":"rausch-styling-gel-strong-150-ml","status":"publish","type":"product","link":"https:\/\/www.hirtenberg-apotheke.at\/katalog\/produkt\/rausch-styling-gel-strong-150-ml\/","title":{"rendered":"Rausch Styling Gel Strong 150 ml"},"content":{"rendered":"<p>Rausch Styling Gel Strong &#8211; die Power-Formel f\u00fcr 24 h Langzeithalt &#8211; erm\u00f6glicht Ihnen ein individuelles Styling mit frischem Duft und nat\u00fcrlichem Glanz ganz ohne zu verkleben. Das Gel bringt das Haar in Form, verleiht ihm nat\u00fcrlichen Schwung und eignet sich auch ideal zur Betonung einzelner Str\u00e4hnchen. Reich an hochwertigen Kr\u00e4uter- und Pflanzenextrakten, wie Sonnenblume, Sanddorn und Aloe Vera, spendet es Feuchtigkeit und macht das Haar geschmeidig<\/p>\n","protected":false},"excerpt":{"rendered":"<p>Rausch Styling Gel Strong &#8211; die Power-Formel f\u00fcr 24 h Langzeithalt &#8211; erm\u00f6glicht Ihnen ein individuelles Styling mit frischem Duft und nat\u00fcrlichem Glanz ganz ohne zu verkleben. Das Gel bringt das Haar in Form, verleiht ihm nat\u00fcrlichen Schwung und eignet sich auch ideal zur Betonung einzelner Str\u00e4hnchen. Reich an hochwertigen Kr\u00e4uter- und Pflanzenextrakten, wie Sonnenblume, [&hellip;]<\/p>\n","protected":false},"featured_media":19619,"template":"","meta":{"_acf_changed":false},"product_brand":[638],"product_cat":[311],"product_tag":[],"class_list":{"0":"post-19617","1":"product","2":"type-product","3":"status-publish","4":"has-post-thumbnail","6":"product_brand-rausch","7":"product_cat-r","8":"pa_packungsgroesse-150ml","10":"first","11":"instock","12":"shipping-taxable","13":"purchasable","14":"product-type-simple"},"acf":[],"_links":{"self":[{"href":"https:\/\/www.hirtenberg-apotheke.at\/katalog\/wp-json\/wp\/v2\/product\/19617","targetHints":{"allow":["GET"]}}],"collection":[{"href":"https:\/\/www.hirtenberg-apotheke.at\/katalog\/wp-json\/wp\/v2\/product"}],"about":[{"href":"https:\/\/www.hirtenberg-apotheke.at\/katalog\/wp-json\/wp\/v2\/types\/product"}],"wp:featuredmedia":[{"embeddable":true,"href":"https:\/\/www.hirtenberg-apotheke.at\/katalog\/wp-json\/wp\/v2\/media\/19619"}],"wp:attachment":[{"href":"https:\/\/www.hirtenberg-apotheke.at\/katalog\/wp-json\/wp\/v2\/media?parent=19617"}],"wp:term":[{"taxonomy":"product_brand","embeddable":true,"href":"https:\/\/www.hirtenberg-apotheke.at\/katalog\/wp-json\/wp\/v2\/product_brand?post=19617"},{"taxonomy":"product_cat","embeddable":true,"href":"https:\/\/www.hirtenberg-apotheke.at\/katalog\/wp-json\/wp\/v2\/product_cat?post=19617"},{"taxonomy":"product_tag","embeddable":true,"href":"https:\/\/www.hirtenberg-apotheke.at\/katalog\/wp-json\/wp\/v2\/product_tag?post=19617"}],"curies":[{"name":"wp","href":"https:\/\/api.w.org\/{rel}","templated":true}]}}