{"id":19646,"date":"2025-11-25T18:44:45","date_gmt":"2025-11-25T17:44:45","guid":{"rendered":"https:\/\/www.hirtenberg-apotheke.at\/katalog\/produkt\/phytokeratine-extreme-creme-100-ml\/"},"modified":"2025-11-25T18:45:03","modified_gmt":"2025-11-25T17:45:03","slug":"phytokeratine-extreme-creme-100-ml","status":"publish","type":"product","link":"https:\/\/www.hirtenberg-apotheke.at\/katalog\/produkt\/phytokeratine-extreme-creme-100-ml\/","title":{"rendered":"Phytok\u00e9ratine Extr\u00eame Creme 100 ml"},"content":{"rendered":"<p>Phytokeratine Extreme Creme mit vielf\u00e4ltigem Nutzen repariert strapaziertes Haar tiefenwirksam und sorgt so f\u00fcr strahlend sch\u00f6nes Haar. Das Haar ist gepflegt, geb\u00e4ndigt und gl\u00e4nzt.<\/p>\n","protected":false},"excerpt":{"rendered":"<p>Phytokeratine Extreme Creme mit vielf\u00e4ltigem Nutzen repariert strapaziertes Haar tiefenwirksam und sorgt so f\u00fcr strahlend sch\u00f6nes Haar. Das Haar ist gepflegt, geb\u00e4ndigt und gl\u00e4nzt.<\/p>\n","protected":false},"featured_media":19648,"template":"","meta":{"_acf_changed":false},"product_brand":[748],"product_cat":[302],"product_tag":[],"class_list":{"0":"post-19646","1":"product","2":"type-product","3":"status-publish","4":"has-post-thumbnail","6":"product_brand-phyto","7":"product_cat-p","8":"pa_packungsgroesse-100ml","10":"first","11":"instock","12":"shipping-taxable","13":"purchasable","14":"product-type-simple"},"acf":[],"_links":{"self":[{"href":"https:\/\/www.hirtenberg-apotheke.at\/katalog\/wp-json\/wp\/v2\/product\/19646","targetHints":{"allow":["GET"]}}],"collection":[{"href":"https:\/\/www.hirtenberg-apotheke.at\/katalog\/wp-json\/wp\/v2\/product"}],"about":[{"href":"https:\/\/www.hirtenberg-apotheke.at\/katalog\/wp-json\/wp\/v2\/types\/product"}],"wp:featuredmedia":[{"embeddable":true,"href":"https:\/\/www.hirtenberg-apotheke.at\/katalog\/wp-json\/wp\/v2\/media\/19648"}],"wp:attachment":[{"href":"https:\/\/www.hirtenberg-apotheke.at\/katalog\/wp-json\/wp\/v2\/media?parent=19646"}],"wp:term":[{"taxonomy":"product_brand","embeddable":true,"href":"https:\/\/www.hirtenberg-apotheke.at\/katalog\/wp-json\/wp\/v2\/product_brand?post=19646"},{"taxonomy":"product_cat","embeddable":true,"href":"https:\/\/www.hirtenberg-apotheke.at\/katalog\/wp-json\/wp\/v2\/product_cat?post=19646"},{"taxonomy":"product_tag","embeddable":true,"href":"https:\/\/www.hirtenberg-apotheke.at\/katalog\/wp-json\/wp\/v2\/product_tag?post=19646"}],"curies":[{"name":"wp","href":"https:\/\/api.w.org\/{rel}","templated":true}]}}