{"id":19677,"date":"2025-11-25T18:45:03","date_gmt":"2025-11-25T17:45:03","guid":{"rendered":"https:\/\/www.hirtenberg-apotheke.at\/katalog\/produkt\/allcura-bio-kokosnuss-oel-200-ml\/"},"modified":"2025-11-25T18:45:22","modified_gmt":"2025-11-25T17:45:22","slug":"allcura-bio-kokosnuss-oel-200-ml","status":"publish","type":"product","link":"https:\/\/www.hirtenberg-apotheke.at\/katalog\/produkt\/allcura-bio-kokosnuss-oel-200-ml\/","title":{"rendered":"Allcura Bio Kokosnuss \u00d6l 200 ml"},"content":{"rendered":"<p>Allcura Bio Kokosnuss \u00d6l ist nicht raffiniert, gebleicht, desodoriert oder geh\u00e4rtet und daher von h\u00f6chster Qualit\u00e4t. Das Produkt enth\u00e4lt ausschlie\u00dflich biologische Inhaltsstoffe.<\/p>\n","protected":false},"excerpt":{"rendered":"<p>Allcura Bio Kokosnuss \u00d6l ist nicht raffiniert, gebleicht, desodoriert oder geh\u00e4rtet und daher von h\u00f6chster Qualit\u00e4t. Das Produkt enth\u00e4lt ausschlie\u00dflich biologische Inhaltsstoffe.<\/p>\n","protected":false},"featured_media":0,"template":"","meta":{"_acf_changed":false},"product_brand":[],"product_cat":[299],"product_tag":[],"class_list":{"0":"post-19677","1":"product","2":"type-product","3":"status-publish","5":"product_cat-a","6":"pa_packungsgroesse-200ml","8":"first","9":"instock","10":"shipping-taxable","11":"purchasable","12":"product-type-simple"},"acf":[],"_links":{"self":[{"href":"https:\/\/www.hirtenberg-apotheke.at\/katalog\/wp-json\/wp\/v2\/product\/19677","targetHints":{"allow":["GET"]}}],"collection":[{"href":"https:\/\/www.hirtenberg-apotheke.at\/katalog\/wp-json\/wp\/v2\/product"}],"about":[{"href":"https:\/\/www.hirtenberg-apotheke.at\/katalog\/wp-json\/wp\/v2\/types\/product"}],"wp:attachment":[{"href":"https:\/\/www.hirtenberg-apotheke.at\/katalog\/wp-json\/wp\/v2\/media?parent=19677"}],"wp:term":[{"taxonomy":"product_brand","embeddable":true,"href":"https:\/\/www.hirtenberg-apotheke.at\/katalog\/wp-json\/wp\/v2\/product_brand?post=19677"},{"taxonomy":"product_cat","embeddable":true,"href":"https:\/\/www.hirtenberg-apotheke.at\/katalog\/wp-json\/wp\/v2\/product_cat?post=19677"},{"taxonomy":"product_tag","embeddable":true,"href":"https:\/\/www.hirtenberg-apotheke.at\/katalog\/wp-json\/wp\/v2\/product_tag?post=19677"}],"curies":[{"name":"wp","href":"https:\/\/api.w.org\/{rel}","templated":true}]}}