{"id":19700,"date":"2025-11-25T18:45:28","date_gmt":"2025-11-25T17:45:28","guid":{"rendered":"https:\/\/www.hirtenberg-apotheke.at\/katalog\/produkt\/rausch-schweizer-kraeuter-vital-kapseln-2-x-30-stk\/"},"modified":"2025-11-25T18:45:35","modified_gmt":"2025-11-25T17:45:35","slug":"rausch-schweizer-kraeuter-vital-kapseln-2-x-30-stk","status":"publish","type":"product","link":"https:\/\/www.hirtenberg-apotheke.at\/katalog\/produkt\/rausch-schweizer-kraeuter-vital-kapseln-2-x-30-stk\/","title":{"rendered":"Rausch Schweizer Kr\u00e4uter Vital Kapseln 2 x 30 Stk."},"content":{"rendered":"<p>Rausch Schweizer Kr\u00e4uter Vital Kapseln mit einer einzigartigen Wirkstoffkombination aus 3 hochwertigen Pflanzen\u00f6len, 8 vitalisierenden Kr\u00e4uter-Extrakten und 12 Vitaminen und Mineralstoffen f\u00fcr kr\u00e4ftiges, f\u00fclliges Haar, geschmeidige, straffe Haut, gesunde, starke N\u00e4gel und Wohlbefinden.<\/p>\n","protected":false},"excerpt":{"rendered":"<p>Rausch Schweizer Kr\u00e4uter Vital Kapseln mit einer einzigartigen Wirkstoffkombination aus 3 hochwertigen Pflanzen\u00f6len, 8 vitalisierenden Kr\u00e4uter-Extrakten und 12 Vitaminen und Mineralstoffen f\u00fcr kr\u00e4ftiges, f\u00fclliges Haar, geschmeidige, straffe Haut, gesunde, starke N\u00e4gel und Wohlbefinden.<\/p>\n","protected":false},"featured_media":19702,"template":"","meta":{"_acf_changed":false},"product_brand":[638],"product_cat":[311],"product_tag":[],"class_list":{"0":"post-19700","1":"product","2":"type-product","3":"status-publish","4":"has-post-thumbnail","6":"product_brand-rausch","7":"product_cat-r","8":"pa_packungsgroesse-60-stueck","10":"first","11":"instock","12":"shipping-taxable","13":"purchasable","14":"product-type-simple"},"acf":[],"_links":{"self":[{"href":"https:\/\/www.hirtenberg-apotheke.at\/katalog\/wp-json\/wp\/v2\/product\/19700","targetHints":{"allow":["GET"]}}],"collection":[{"href":"https:\/\/www.hirtenberg-apotheke.at\/katalog\/wp-json\/wp\/v2\/product"}],"about":[{"href":"https:\/\/www.hirtenberg-apotheke.at\/katalog\/wp-json\/wp\/v2\/types\/product"}],"wp:featuredmedia":[{"embeddable":true,"href":"https:\/\/www.hirtenberg-apotheke.at\/katalog\/wp-json\/wp\/v2\/media\/19702"}],"wp:attachment":[{"href":"https:\/\/www.hirtenberg-apotheke.at\/katalog\/wp-json\/wp\/v2\/media?parent=19700"}],"wp:term":[{"taxonomy":"product_brand","embeddable":true,"href":"https:\/\/www.hirtenberg-apotheke.at\/katalog\/wp-json\/wp\/v2\/product_brand?post=19700"},{"taxonomy":"product_cat","embeddable":true,"href":"https:\/\/www.hirtenberg-apotheke.at\/katalog\/wp-json\/wp\/v2\/product_cat?post=19700"},{"taxonomy":"product_tag","embeddable":true,"href":"https:\/\/www.hirtenberg-apotheke.at\/katalog\/wp-json\/wp\/v2\/product_tag?post=19700"}],"curies":[{"name":"wp","href":"https:\/\/api.w.org\/{rel}","templated":true}]}}