{"id":19753,"date":"2025-11-25T18:45:59","date_gmt":"2025-11-25T17:45:59","guid":{"rendered":"https:\/\/www.hirtenberg-apotheke.at\/katalog\/produkt\/phyto-phytomillesime-farbverstaerkendes-shampoo-200-ml\/"},"modified":"2025-11-25T18:46:03","modified_gmt":"2025-11-25T17:46:03","slug":"phyto-phytomillesime-farbverstaerkendes-shampoo-200-ml","status":"publish","type":"product","link":"https:\/\/www.hirtenberg-apotheke.at\/katalog\/produkt\/phyto-phytomillesime-farbverstaerkendes-shampoo-200-ml\/","title":{"rendered":"Phyto Phytomillesime Farbverst\u00e4rkendes Shampoo 200 ml"},"content":{"rendered":"<p>Das leicht sch\u00e4umende Shampoo verleiht dem Haar Geschmeidigkeit und Glanz. Reinigt Kopfhaut und Haarfaser und sch\u00fctzt gleichzeitig die Haarfarbe. Sch\u00fctzt vor Verblassen der Haarfarbe. Die Haarfarbe bleibt unversehrt &#038; intensiv.<\/p>\n","protected":false},"excerpt":{"rendered":"<p>Das leicht sch\u00e4umende Shampoo verleiht dem Haar Geschmeidigkeit und Glanz. Reinigt Kopfhaut und Haarfaser und sch\u00fctzt gleichzeitig die Haarfarbe. Sch\u00fctzt vor Verblassen der Haarfarbe. Die Haarfarbe bleibt unversehrt &#038; intensiv.<\/p>\n","protected":false},"featured_media":19755,"template":"","meta":{"_acf_changed":false},"product_brand":[],"product_cat":[302],"product_tag":[],"class_list":{"0":"post-19753","1":"product","2":"type-product","3":"status-publish","4":"has-post-thumbnail","6":"product_cat-p","7":"pa_packungsgroesse-200ml","9":"first","10":"instock","11":"shipping-taxable","12":"purchasable","13":"product-type-simple"},"acf":[],"_links":{"self":[{"href":"https:\/\/www.hirtenberg-apotheke.at\/katalog\/wp-json\/wp\/v2\/product\/19753","targetHints":{"allow":["GET"]}}],"collection":[{"href":"https:\/\/www.hirtenberg-apotheke.at\/katalog\/wp-json\/wp\/v2\/product"}],"about":[{"href":"https:\/\/www.hirtenberg-apotheke.at\/katalog\/wp-json\/wp\/v2\/types\/product"}],"wp:featuredmedia":[{"embeddable":true,"href":"https:\/\/www.hirtenberg-apotheke.at\/katalog\/wp-json\/wp\/v2\/media\/19755"}],"wp:attachment":[{"href":"https:\/\/www.hirtenberg-apotheke.at\/katalog\/wp-json\/wp\/v2\/media?parent=19753"}],"wp:term":[{"taxonomy":"product_brand","embeddable":true,"href":"https:\/\/www.hirtenberg-apotheke.at\/katalog\/wp-json\/wp\/v2\/product_brand?post=19753"},{"taxonomy":"product_cat","embeddable":true,"href":"https:\/\/www.hirtenberg-apotheke.at\/katalog\/wp-json\/wp\/v2\/product_cat?post=19753"},{"taxonomy":"product_tag","embeddable":true,"href":"https:\/\/www.hirtenberg-apotheke.at\/katalog\/wp-json\/wp\/v2\/product_tag?post=19753"}],"curies":[{"name":"wp","href":"https:\/\/api.w.org\/{rel}","templated":true}]}}