{"id":19781,"date":"2025-11-25T18:45:59","date_gmt":"2025-11-25T17:45:59","guid":{"rendered":"https:\/\/www.hirtenberg-apotheke.at\/katalog\/produkt\/aqeo-shampoo-anti-schuppen-plus-150-ml\/"},"modified":"2025-11-25T18:46:21","modified_gmt":"2025-11-25T17:46:21","slug":"aqeo-shampoo-anti-schuppen-plus-150-ml","status":"publish","type":"product","link":"https:\/\/www.hirtenberg-apotheke.at\/katalog\/produkt\/aqeo-shampoo-anti-schuppen-plus-150-ml\/","title":{"rendered":"Aqeo Shampoo Anti Schuppen Plus 150 ml"},"content":{"rendered":"<p>Aqeo Shampoo Anti Schuppen Plus wurde speziell f\u00fcr psoriatische Kopfhaut entwickelt. Au\u00dferdem l\u00f6st dieses Anti Schuppen Shampoo zuverl\u00e4ssig hartn\u00e4ckige und festhaftende Schuppen und sch\u00fctzt zudem die Kopfhaut vor dem Austrocknen.<\/p>\n","protected":false},"excerpt":{"rendered":"<p>Aqeo Shampoo Anti Schuppen Plus wurde speziell f\u00fcr psoriatische Kopfhaut entwickelt. Au\u00dferdem l\u00f6st dieses Anti Schuppen Shampoo zuverl\u00e4ssig hartn\u00e4ckige und festhaftende Schuppen und sch\u00fctzt zudem die Kopfhaut vor dem Austrocknen.<\/p>\n","protected":false},"featured_media":19783,"template":"","meta":{"_acf_changed":false},"product_brand":[],"product_cat":[299],"product_tag":[],"class_list":{"0":"post-19781","1":"product","2":"type-product","3":"status-publish","4":"has-post-thumbnail","6":"product_cat-a","7":"pa_packungsgroesse-150ml","9":"first","10":"instock","11":"shipping-taxable","12":"purchasable","13":"product-type-simple"},"acf":[],"_links":{"self":[{"href":"https:\/\/www.hirtenberg-apotheke.at\/katalog\/wp-json\/wp\/v2\/product\/19781","targetHints":{"allow":["GET"]}}],"collection":[{"href":"https:\/\/www.hirtenberg-apotheke.at\/katalog\/wp-json\/wp\/v2\/product"}],"about":[{"href":"https:\/\/www.hirtenberg-apotheke.at\/katalog\/wp-json\/wp\/v2\/types\/product"}],"wp:featuredmedia":[{"embeddable":true,"href":"https:\/\/www.hirtenberg-apotheke.at\/katalog\/wp-json\/wp\/v2\/media\/19783"}],"wp:attachment":[{"href":"https:\/\/www.hirtenberg-apotheke.at\/katalog\/wp-json\/wp\/v2\/media?parent=19781"}],"wp:term":[{"taxonomy":"product_brand","embeddable":true,"href":"https:\/\/www.hirtenberg-apotheke.at\/katalog\/wp-json\/wp\/v2\/product_brand?post=19781"},{"taxonomy":"product_cat","embeddable":true,"href":"https:\/\/www.hirtenberg-apotheke.at\/katalog\/wp-json\/wp\/v2\/product_cat?post=19781"},{"taxonomy":"product_tag","embeddable":true,"href":"https:\/\/www.hirtenberg-apotheke.at\/katalog\/wp-json\/wp\/v2\/product_tag?post=19781"}],"curies":[{"name":"wp","href":"https:\/\/api.w.org\/{rel}","templated":true}]}}