{"id":19796,"date":"2025-11-25T18:46:20","date_gmt":"2025-11-25T17:46:20","guid":{"rendered":"https:\/\/www.hirtenberg-apotheke.at\/katalog\/produkt\/sanoll-shampoo-duschbad-basis-1-l\/"},"modified":"2025-11-25T18:46:27","modified_gmt":"2025-11-25T17:46:27","slug":"sanoll-shampoo-duschbad-basis-1-l","status":"publish","type":"product","link":"https:\/\/www.hirtenberg-apotheke.at\/katalog\/produkt\/sanoll-shampoo-duschbad-basis-1-l\/","title":{"rendered":"Sanoll Shampoo + Duschbad Basis 1 L"},"content":{"rendered":"<p>Sanoll Shampoo-Grundlage kann zum Duschen, Baden und Haare waschen oder oder auch einfach als Fl\u00fcssigseife verwendet werden. Es ist OHNE spezielle Wirkstoffe und ohne \u00e4therische \u00d6le, also sehr &#8222;neutral&#8220;! Daher ist es besonders f\u00fcr Allergiker und Menschen mit sehr empfindlicher Haut geeignet. Kreative Personen k\u00f6nnen durch Beigabe von eigenen Wirkstoffen in Eigenverantwortung eine individuelle pers\u00f6nliche Kosmetik herstellen.<\/p>\n","protected":false},"excerpt":{"rendered":"<p>Sanoll Shampoo-Grundlage kann zum Duschen, Baden und Haare waschen oder oder auch einfach als Fl\u00fcssigseife verwendet werden. Es ist OHNE spezielle Wirkstoffe und ohne \u00e4therische \u00d6le, also sehr &#8222;neutral&#8220;! Daher ist es besonders f\u00fcr Allergiker und Menschen mit sehr empfindlicher Haut geeignet. Kreative Personen k\u00f6nnen durch Beigabe von eigenen Wirkstoffen in Eigenverantwortung eine individuelle pers\u00f6nliche [&hellip;]<\/p>\n","protected":false},"featured_media":0,"template":"","meta":{"_acf_changed":false},"product_brand":[],"product_cat":[303],"product_tag":[],"class_list":{"0":"post-19796","1":"product","2":"type-product","3":"status-publish","5":"product_cat-s","6":"pa_packungsgroesse-1l","8":"first","9":"instock","10":"shipping-taxable","11":"purchasable","12":"product-type-simple"},"acf":[],"_links":{"self":[{"href":"https:\/\/www.hirtenberg-apotheke.at\/katalog\/wp-json\/wp\/v2\/product\/19796","targetHints":{"allow":["GET"]}}],"collection":[{"href":"https:\/\/www.hirtenberg-apotheke.at\/katalog\/wp-json\/wp\/v2\/product"}],"about":[{"href":"https:\/\/www.hirtenberg-apotheke.at\/katalog\/wp-json\/wp\/v2\/types\/product"}],"wp:attachment":[{"href":"https:\/\/www.hirtenberg-apotheke.at\/katalog\/wp-json\/wp\/v2\/media?parent=19796"}],"wp:term":[{"taxonomy":"product_brand","embeddable":true,"href":"https:\/\/www.hirtenberg-apotheke.at\/katalog\/wp-json\/wp\/v2\/product_brand?post=19796"},{"taxonomy":"product_cat","embeddable":true,"href":"https:\/\/www.hirtenberg-apotheke.at\/katalog\/wp-json\/wp\/v2\/product_cat?post=19796"},{"taxonomy":"product_tag","embeddable":true,"href":"https:\/\/www.hirtenberg-apotheke.at\/katalog\/wp-json\/wp\/v2\/product_tag?post=19796"}],"curies":[{"name":"wp","href":"https:\/\/api.w.org\/{rel}","templated":true}]}}