{"id":19811,"date":"2025-11-25T18:46:37","date_gmt":"2025-11-25T17:46:37","guid":{"rendered":"https:\/\/www.hirtenberg-apotheke.at\/katalog\/produkt\/weleda-intensiv-pflegendes-haaroel-50-ml\/"},"modified":"2025-11-25T18:46:39","modified_gmt":"2025-11-25T17:46:39","slug":"weleda-intensiv-pflegendes-haaroel-50-ml","status":"publish","type":"product","link":"https:\/\/www.hirtenberg-apotheke.at\/katalog\/produkt\/weleda-intensiv-pflegendes-haaroel-50-ml\/","title":{"rendered":"Weleda Intensiv pflegendes Haar\u00f6l 50 ml"},"content":{"rendered":"<p>Weleda Haar\u00f6l Intensivpflege pflegt spr\u00f6des und br\u00fcchiges Haar weich und geschmeidig. Es erh\u00e4lt den nat\u00fcrlichen Glanz und sch\u00fctzt vor sch\u00e4digenden Umwelteinfl\u00fcssen<\/p>\n","protected":false},"excerpt":{"rendered":"<p>Weleda Haar\u00f6l Intensivpflege pflegt spr\u00f6des und br\u00fcchiges Haar weich und geschmeidig. Es erh\u00e4lt den nat\u00fcrlichen Glanz und sch\u00fctzt vor sch\u00e4digenden Umwelteinfl\u00fcssen<\/p>\n","protected":false},"featured_media":0,"template":"","meta":{"_acf_changed":false},"product_brand":[554],"product_cat":[368],"product_tag":[],"class_list":{"0":"post-19811","1":"product","2":"type-product","3":"status-publish","5":"product_brand-weleda","6":"product_cat-w","7":"pa_packungsgroesse-50ml","9":"first","10":"instock","11":"shipping-taxable","12":"purchasable","13":"product-type-simple"},"acf":[],"_links":{"self":[{"href":"https:\/\/www.hirtenberg-apotheke.at\/katalog\/wp-json\/wp\/v2\/product\/19811","targetHints":{"allow":["GET"]}}],"collection":[{"href":"https:\/\/www.hirtenberg-apotheke.at\/katalog\/wp-json\/wp\/v2\/product"}],"about":[{"href":"https:\/\/www.hirtenberg-apotheke.at\/katalog\/wp-json\/wp\/v2\/types\/product"}],"wp:attachment":[{"href":"https:\/\/www.hirtenberg-apotheke.at\/katalog\/wp-json\/wp\/v2\/media?parent=19811"}],"wp:term":[{"taxonomy":"product_brand","embeddable":true,"href":"https:\/\/www.hirtenberg-apotheke.at\/katalog\/wp-json\/wp\/v2\/product_brand?post=19811"},{"taxonomy":"product_cat","embeddable":true,"href":"https:\/\/www.hirtenberg-apotheke.at\/katalog\/wp-json\/wp\/v2\/product_cat?post=19811"},{"taxonomy":"product_tag","embeddable":true,"href":"https:\/\/www.hirtenberg-apotheke.at\/katalog\/wp-json\/wp\/v2\/product_tag?post=19811"}],"curies":[{"name":"wp","href":"https:\/\/api.w.org\/{rel}","templated":true}]}}