{"id":19815,"date":"2025-11-25T18:46:37","date_gmt":"2025-11-25T17:46:37","guid":{"rendered":"https:\/\/www.hirtenberg-apotheke.at\/katalog\/produkt\/vichy-dercos-aminexil-clinical-ampullenkur-fuer-maenner-21stueck-a-6ml\/"},"modified":"2025-11-25T18:46:41","modified_gmt":"2025-11-25T17:46:41","slug":"vichy-dercos-aminexil-clinical-ampullenkur-fuer-maenner-21stueck-a-6ml","status":"publish","type":"product","link":"https:\/\/www.hirtenberg-apotheke.at\/katalog\/produkt\/vichy-dercos-aminexil-clinical-ampullenkur-fuer-maenner-21stueck-a-6ml\/","title":{"rendered":"Vichy DERCOS Aminexil Clinical Ampullenkur f\u00fcr M\u00e4nner &#8211; 21St\u00fcck \u00e1 6ml"},"content":{"rendered":"","protected":false},"excerpt":{"rendered":"","protected":false},"featured_media":19817,"template":"","meta":{"_acf_changed":false},"product_brand":[691],"product_cat":[300],"product_tag":[],"class_list":{"0":"post-19815","1":"product","2":"type-product","3":"status-publish","4":"has-post-thumbnail","6":"product_brand-vichy","7":"product_cat-v","8":"pa_packungsgroesse-1-stueck","10":"first","11":"instock","12":"shipping-taxable","13":"purchasable","14":"product-type-simple"},"acf":[],"_links":{"self":[{"href":"https:\/\/www.hirtenberg-apotheke.at\/katalog\/wp-json\/wp\/v2\/product\/19815","targetHints":{"allow":["GET"]}}],"collection":[{"href":"https:\/\/www.hirtenberg-apotheke.at\/katalog\/wp-json\/wp\/v2\/product"}],"about":[{"href":"https:\/\/www.hirtenberg-apotheke.at\/katalog\/wp-json\/wp\/v2\/types\/product"}],"wp:featuredmedia":[{"embeddable":true,"href":"https:\/\/www.hirtenberg-apotheke.at\/katalog\/wp-json\/wp\/v2\/media\/19817"}],"wp:attachment":[{"href":"https:\/\/www.hirtenberg-apotheke.at\/katalog\/wp-json\/wp\/v2\/media?parent=19815"}],"wp:term":[{"taxonomy":"product_brand","embeddable":true,"href":"https:\/\/www.hirtenberg-apotheke.at\/katalog\/wp-json\/wp\/v2\/product_brand?post=19815"},{"taxonomy":"product_cat","embeddable":true,"href":"https:\/\/www.hirtenberg-apotheke.at\/katalog\/wp-json\/wp\/v2\/product_cat?post=19815"},{"taxonomy":"product_tag","embeddable":true,"href":"https:\/\/www.hirtenberg-apotheke.at\/katalog\/wp-json\/wp\/v2\/product_tag?post=19815"}],"curies":[{"name":"wp","href":"https:\/\/api.w.org\/{rel}","templated":true}]}}