{"id":19825,"date":"2025-11-25T18:46:37","date_gmt":"2025-11-25T17:46:37","guid":{"rendered":"https:\/\/www.hirtenberg-apotheke.at\/katalog\/produkt\/alpecin-med-shampoo-konzentrat-200-ml-fettiges-haar\/"},"modified":"2025-11-25T18:46:45","modified_gmt":"2025-11-25T17:46:45","slug":"alpecin-med-shampoo-konzentrat-200-ml-fettiges-haar","status":"publish","type":"product","link":"https:\/\/www.hirtenberg-apotheke.at\/katalog\/produkt\/alpecin-med-shampoo-konzentrat-200-ml-fettiges-haar\/","title":{"rendered":"Alpecin Med Shampoo Konzentrat 200 ml Fettiges Haar"},"content":{"rendered":"<p>Alpecin Med Shampoo Konzentrat Fettiges Haar verbessert den Talgabfluss, sch\u00fctzt vor Reizeffekten und sorgt f\u00fcr eine nat\u00fcrliche Kopfhautfunktion. Es beruhigt die Kopfhaut mit Glycerin, das Feuchtigkeit speichert.<\/p>\n","protected":false},"excerpt":{"rendered":"<p>Alpecin Med Shampoo Konzentrat Fettiges Haar verbessert den Talgabfluss, sch\u00fctzt vor Reizeffekten und sorgt f\u00fcr eine nat\u00fcrliche Kopfhautfunktion. Es beruhigt die Kopfhaut mit Glycerin, das Feuchtigkeit speichert.<\/p>\n","protected":false},"featured_media":0,"template":"","meta":{"_acf_changed":false},"product_brand":[733],"product_cat":[299],"product_tag":[],"class_list":{"0":"post-19825","1":"product","2":"type-product","3":"status-publish","5":"product_brand-alpecin","6":"product_cat-a","7":"pa_packungsgroesse-200ml","9":"first","10":"instock","11":"shipping-taxable","12":"purchasable","13":"product-type-simple"},"acf":[],"_links":{"self":[{"href":"https:\/\/www.hirtenberg-apotheke.at\/katalog\/wp-json\/wp\/v2\/product\/19825","targetHints":{"allow":["GET"]}}],"collection":[{"href":"https:\/\/www.hirtenberg-apotheke.at\/katalog\/wp-json\/wp\/v2\/product"}],"about":[{"href":"https:\/\/www.hirtenberg-apotheke.at\/katalog\/wp-json\/wp\/v2\/types\/product"}],"wp:attachment":[{"href":"https:\/\/www.hirtenberg-apotheke.at\/katalog\/wp-json\/wp\/v2\/media?parent=19825"}],"wp:term":[{"taxonomy":"product_brand","embeddable":true,"href":"https:\/\/www.hirtenberg-apotheke.at\/katalog\/wp-json\/wp\/v2\/product_brand?post=19825"},{"taxonomy":"product_cat","embeddable":true,"href":"https:\/\/www.hirtenberg-apotheke.at\/katalog\/wp-json\/wp\/v2\/product_cat?post=19825"},{"taxonomy":"product_tag","embeddable":true,"href":"https:\/\/www.hirtenberg-apotheke.at\/katalog\/wp-json\/wp\/v2\/product_tag?post=19825"}],"curies":[{"name":"wp","href":"https:\/\/api.w.org\/{rel}","templated":true}]}}