{"id":19849,"date":"2025-11-25T18:46:51","date_gmt":"2025-11-25T17:46:51","guid":{"rendered":"https:\/\/www.hirtenberg-apotheke.at\/katalog\/produkt\/vichy-dercos-aminexil-clinical-5-ampullenkur-fuer-frauen-21stueck-a-6ml\/"},"modified":"2025-11-25T18:46:58","modified_gmt":"2025-11-25T17:46:58","slug":"vichy-dercos-aminexil-clinical-5-ampullenkur-fuer-frauen-21stueck-a-6ml","status":"publish","type":"product","link":"https:\/\/www.hirtenberg-apotheke.at\/katalog\/produkt\/vichy-dercos-aminexil-clinical-5-ampullenkur-fuer-frauen-21stueck-a-6ml\/","title":{"rendered":"Vichy DERCOS Aminexil Clinical 5 Ampullenkur f\u00fcr Frauen &#8211; 21St\u00fcck \u00e1 6ml"},"content":{"rendered":"<h4>Aminexil Pro Frauen&nbsp;<\/h4>\n<ul>\n<li>Bei anlagebedingtem Haarausfall.<\/li>\n<li>Mit verbesserter Formel &ndash; 3-fach-Wirkung:<\/li>\n<li>Enth&auml;lt die patentierte Wirkstoffkombination aus Aminexil, SP94&trade; und Arginin<\/li>\n<li>um die Haarwurzel zu verankern, die Haarfaser zu kr&auml;ftigen und zu festigen und<\/li>\n<li>die Mikrozirkulation zu stimulieren:<\/li>\n<li>Aminexil wirkt der Verh&auml;rtung von Kollagen entgegen, um die Geschmeidigkeit<\/li>\n<li>und Elastizit&auml;t des Gewebes zu bewahren &ndash; f&uuml;r eine bessere Verankerung der<\/li>\n<li>Haarwurzel in der Kopfhaut.<\/li>\n<li>SP94&trade; ist eine exklusive Verbindung von Glukose und Linols&auml;ure. Die Wurzel<\/li>\n<li>wird mit dem Wirkstoff SP94&trade; angereichert und verwandelt diesen in Haarbestandteile<\/li>\n<li>(z.B. Ceramide) zur Unterst&uuml;tzung des Aufbaus der Haarfaser.<\/li>\n<li>Arginin hilft, die Mikrozirkulation zu stimulieren und f&ouml;rdert somit die Zufuhr<\/li>\n<li>von N&auml;hrstoffen, die wesentlich f&uuml;r das Wachstum der Haarzwiebel sind.<\/li>\n<li>Spezifische Rezeptur f&uuml;r Frauen: Formel mit den Vitaminen PP (INCI: Niacinamid)<\/li>\n<li>und B6 (INCI: Pyridoxine HCl). Vitamin PP und Vitamin B6 sind als Coenzyme<\/li>\n<li>an zahlreichen biochemischen Stoffwechselprozessen beteiligt und daher<\/li>\n<li>wichtig f&uuml;r den Aufbau der Haut und Haare. Sie wirken &ndash; spezifisch bei Frauen &ndash;<\/li>\n<li>dem D&uuml;nner- und Br&uuml;chigerwerden der Haare entgegen.<\/li>\n<li>Das Haar wird dichter, widerstandsf&auml;higer und f&uuml;hlt sich geschmeidiger an.<\/li>\n<li>Mit wiederverwendbarem Massage-Applikator, um die Mikrozirkulation zus&auml;tzlich<\/li>\n<li>zu stimulieren.<\/li>\n<li>Einfache und saubere Anwendung.<\/li>\n<li>Fettet nicht und klebt nicht.<\/li>\n<li>Geeignet f&uuml;r empfindliche Kopfhaut.<\/li>\n<li>Ohne Parabene.<\/li>\n<\/ul>\n","protected":false},"excerpt":{"rendered":"<p>Aminexil Pro Frauen&nbsp; Bei anlagebedingtem Haarausfall. Mit verbesserter Formel &ndash; 3-fach-Wirkung: Enth&auml;lt die patentierte Wirkstoffkombination aus Aminexil, SP94&trade; und Arginin um die Haarwurzel zu verankern, die Haarfaser zu kr&auml;ftigen und zu festigen und die Mikrozirkulation zu stimulieren: Aminexil wirkt der Verh&auml;rtung von Kollagen entgegen, um die Geschmeidigkeit und Elastizit&auml;t des Gewebes zu bewahren &ndash; f&uuml;r [&hellip;]<\/p>\n","protected":false},"featured_media":19851,"template":"","meta":{"_acf_changed":false},"product_brand":[691],"product_cat":[300],"product_tag":[],"class_list":{"0":"post-19849","1":"product","2":"type-product","3":"status-publish","4":"has-post-thumbnail","6":"product_brand-vichy","7":"product_cat-v","8":"pa_packungsgroesse-1-stueck","10":"first","11":"instock","12":"shipping-taxable","13":"purchasable","14":"product-type-simple"},"acf":[],"_links":{"self":[{"href":"https:\/\/www.hirtenberg-apotheke.at\/katalog\/wp-json\/wp\/v2\/product\/19849","targetHints":{"allow":["GET"]}}],"collection":[{"href":"https:\/\/www.hirtenberg-apotheke.at\/katalog\/wp-json\/wp\/v2\/product"}],"about":[{"href":"https:\/\/www.hirtenberg-apotheke.at\/katalog\/wp-json\/wp\/v2\/types\/product"}],"wp:featuredmedia":[{"embeddable":true,"href":"https:\/\/www.hirtenberg-apotheke.at\/katalog\/wp-json\/wp\/v2\/media\/19851"}],"wp:attachment":[{"href":"https:\/\/www.hirtenberg-apotheke.at\/katalog\/wp-json\/wp\/v2\/media?parent=19849"}],"wp:term":[{"taxonomy":"product_brand","embeddable":true,"href":"https:\/\/www.hirtenberg-apotheke.at\/katalog\/wp-json\/wp\/v2\/product_brand?post=19849"},{"taxonomy":"product_cat","embeddable":true,"href":"https:\/\/www.hirtenberg-apotheke.at\/katalog\/wp-json\/wp\/v2\/product_cat?post=19849"},{"taxonomy":"product_tag","embeddable":true,"href":"https:\/\/www.hirtenberg-apotheke.at\/katalog\/wp-json\/wp\/v2\/product_tag?post=19849"}],"curies":[{"name":"wp","href":"https:\/\/api.w.org\/{rel}","templated":true}]}}