{"id":19852,"date":"2025-11-25T18:46:51","date_gmt":"2025-11-25T17:46:51","guid":{"rendered":"https:\/\/www.hirtenberg-apotheke.at\/katalog\/produkt\/sanoll-shampoo-duschbad-basis-200-ml\/"},"modified":"2025-11-25T18:47:00","modified_gmt":"2025-11-25T17:47:00","slug":"sanoll-shampoo-duschbad-basis-200-ml","status":"publish","type":"product","link":"https:\/\/www.hirtenberg-apotheke.at\/katalog\/produkt\/sanoll-shampoo-duschbad-basis-200-ml\/","title":{"rendered":"Sanoll Shampoo + Duschbad Basis 200 ml"},"content":{"rendered":"<p>Sanoll Shampoo &#038; Dusch-Bad Basis ist besonders f\u00fcr Allergiker und Menschen mit sehr empfindlicher Haut geeignet. Kreative Personen k\u00f6nnen durch Beigabe von eigenen Wirkstoffen eine individuelle pers\u00f6nliche Kosmetik herstellen.<\/p>\n","protected":false},"excerpt":{"rendered":"<p>Sanoll Shampoo &#038; Dusch-Bad Basis ist besonders f\u00fcr Allergiker und Menschen mit sehr empfindlicher Haut geeignet. Kreative Personen k\u00f6nnen durch Beigabe von eigenen Wirkstoffen eine individuelle pers\u00f6nliche Kosmetik herstellen.<\/p>\n","protected":false},"featured_media":19854,"template":"","meta":{"_acf_changed":false},"product_brand":[],"product_cat":[303],"product_tag":[],"class_list":{"0":"post-19852","1":"product","2":"type-product","3":"status-publish","4":"has-post-thumbnail","6":"product_cat-s","7":"pa_packungsgroesse-200ml","9":"first","10":"instock","11":"shipping-taxable","12":"purchasable","13":"product-type-simple"},"acf":[],"_links":{"self":[{"href":"https:\/\/www.hirtenberg-apotheke.at\/katalog\/wp-json\/wp\/v2\/product\/19852","targetHints":{"allow":["GET"]}}],"collection":[{"href":"https:\/\/www.hirtenberg-apotheke.at\/katalog\/wp-json\/wp\/v2\/product"}],"about":[{"href":"https:\/\/www.hirtenberg-apotheke.at\/katalog\/wp-json\/wp\/v2\/types\/product"}],"wp:featuredmedia":[{"embeddable":true,"href":"https:\/\/www.hirtenberg-apotheke.at\/katalog\/wp-json\/wp\/v2\/media\/19854"}],"wp:attachment":[{"href":"https:\/\/www.hirtenberg-apotheke.at\/katalog\/wp-json\/wp\/v2\/media?parent=19852"}],"wp:term":[{"taxonomy":"product_brand","embeddable":true,"href":"https:\/\/www.hirtenberg-apotheke.at\/katalog\/wp-json\/wp\/v2\/product_brand?post=19852"},{"taxonomy":"product_cat","embeddable":true,"href":"https:\/\/www.hirtenberg-apotheke.at\/katalog\/wp-json\/wp\/v2\/product_cat?post=19852"},{"taxonomy":"product_tag","embeddable":true,"href":"https:\/\/www.hirtenberg-apotheke.at\/katalog\/wp-json\/wp\/v2\/product_tag?post=19852"}],"curies":[{"name":"wp","href":"https:\/\/api.w.org\/{rel}","templated":true}]}}