{"id":19876,"date":"2025-11-25T18:47:10","date_gmt":"2025-11-25T17:47:10","guid":{"rendered":"https:\/\/www.hirtenberg-apotheke.at\/katalog\/produkt\/sanoll-shampoo-ph-7-200-ml\/"},"modified":"2025-11-25T18:47:17","modified_gmt":"2025-11-25T17:47:17","slug":"sanoll-shampoo-ph-7-200-ml","status":"publish","type":"product","link":"https:\/\/www.hirtenberg-apotheke.at\/katalog\/produkt\/sanoll-shampoo-ph-7-200-ml\/","title":{"rendered":"Sanoll Shampoo pH 7 200 ml"},"content":{"rendered":"<p>Sanoll Shampoo pH 7.7 ist ein basisch-veganes Shampoo f\u00fcr unbelastetes und gesundes Haar. Es unterst\u00fctzt die Ents\u00e4uerung der Kopfhaut und sorgt f\u00fcr eine bessere K\u00e4mmbarkeit des Haares nach dem Waschen.<\/p>\n","protected":false},"excerpt":{"rendered":"<p>Sanoll Shampoo pH 7.7 ist ein basisch-veganes Shampoo f\u00fcr unbelastetes und gesundes Haar. Es unterst\u00fctzt die Ents\u00e4uerung der Kopfhaut und sorgt f\u00fcr eine bessere K\u00e4mmbarkeit des Haares nach dem Waschen.<\/p>\n","protected":false},"featured_media":0,"template":"","meta":{"_acf_changed":false},"product_brand":[],"product_cat":[303],"product_tag":[],"class_list":{"0":"post-19876","1":"product","2":"type-product","3":"status-publish","5":"product_cat-s","6":"pa_packungsgroesse-200ml","8":"first","9":"instock","10":"shipping-taxable","11":"purchasable","12":"product-type-simple"},"acf":[],"_links":{"self":[{"href":"https:\/\/www.hirtenberg-apotheke.at\/katalog\/wp-json\/wp\/v2\/product\/19876","targetHints":{"allow":["GET"]}}],"collection":[{"href":"https:\/\/www.hirtenberg-apotheke.at\/katalog\/wp-json\/wp\/v2\/product"}],"about":[{"href":"https:\/\/www.hirtenberg-apotheke.at\/katalog\/wp-json\/wp\/v2\/types\/product"}],"wp:attachment":[{"href":"https:\/\/www.hirtenberg-apotheke.at\/katalog\/wp-json\/wp\/v2\/media?parent=19876"}],"wp:term":[{"taxonomy":"product_brand","embeddable":true,"href":"https:\/\/www.hirtenberg-apotheke.at\/katalog\/wp-json\/wp\/v2\/product_brand?post=19876"},{"taxonomy":"product_cat","embeddable":true,"href":"https:\/\/www.hirtenberg-apotheke.at\/katalog\/wp-json\/wp\/v2\/product_cat?post=19876"},{"taxonomy":"product_tag","embeddable":true,"href":"https:\/\/www.hirtenberg-apotheke.at\/katalog\/wp-json\/wp\/v2\/product_tag?post=19876"}],"curies":[{"name":"wp","href":"https:\/\/api.w.org\/{rel}","templated":true}]}}