{"id":19899,"date":"2025-11-25T18:47:25","date_gmt":"2025-11-25T17:47:25","guid":{"rendered":"https:\/\/www.hirtenberg-apotheke.at\/katalog\/produkt\/eucerin-urea-repair-urea-10-fusscreme-fuer-extrem-trockene-haut\/"},"modified":"2025-11-25T18:47:31","modified_gmt":"2025-11-25T17:47:31","slug":"eucerin-urea-repair-urea-10-fusscreme-fuer-extrem-trockene-haut","status":"publish","type":"product","link":"https:\/\/www.hirtenberg-apotheke.at\/katalog\/produkt\/eucerin-urea-repair-urea-10-fusscreme-fuer-extrem-trockene-haut\/","title":{"rendered":"Eucerin UREA REPAIR + Urea 10% Fusscreme f\u00fcr extrem trockene Haut"},"content":{"rendered":"<p>Eucerin 10% Urea Repair PLUS Fu\u00dfcreme ist eine intensive Pflege f\u00fcr trockene bis extrem trockene F\u00fc\u00dfe.Die Fu\u00dfcreme spendet intensiv Feuchtigkeit und pflegt trockene bis extrem trockene F\u00fc\u00dfe, beruhigt die Haut sofort und sch\u00fctzt langanhaltend vor den Zeichen trockener Haut. Auch zur Fu\u00dfpflege bei Diabetes.<\/p>\n","protected":false},"excerpt":{"rendered":"<p>Eucerin 10% Urea Repair PLUS Fu\u00dfcreme ist eine intensive Pflege f\u00fcr trockene bis extrem trockene F\u00fc\u00dfe.Die Fu\u00dfcreme spendet intensiv Feuchtigkeit und pflegt trockene bis extrem trockene F\u00fc\u00dfe, beruhigt die Haut sofort und sch\u00fctzt langanhaltend vor den Zeichen trockener Haut. Auch zur Fu\u00dfpflege bei Diabetes.<\/p>\n","protected":false},"featured_media":19901,"template":"","meta":{"_acf_changed":false},"product_brand":[694],"product_cat":[307],"product_tag":[],"class_list":{"0":"post-19899","1":"product","2":"type-product","3":"status-publish","4":"has-post-thumbnail","6":"product_brand-eucerin","7":"product_cat-e","8":"pa_packungsgroesse-1-stueck","10":"first","11":"instock","12":"shipping-taxable","13":"purchasable","14":"product-type-simple"},"acf":[],"_links":{"self":[{"href":"https:\/\/www.hirtenberg-apotheke.at\/katalog\/wp-json\/wp\/v2\/product\/19899","targetHints":{"allow":["GET"]}}],"collection":[{"href":"https:\/\/www.hirtenberg-apotheke.at\/katalog\/wp-json\/wp\/v2\/product"}],"about":[{"href":"https:\/\/www.hirtenberg-apotheke.at\/katalog\/wp-json\/wp\/v2\/types\/product"}],"wp:featuredmedia":[{"embeddable":true,"href":"https:\/\/www.hirtenberg-apotheke.at\/katalog\/wp-json\/wp\/v2\/media\/19901"}],"wp:attachment":[{"href":"https:\/\/www.hirtenberg-apotheke.at\/katalog\/wp-json\/wp\/v2\/media?parent=19899"}],"wp:term":[{"taxonomy":"product_brand","embeddable":true,"href":"https:\/\/www.hirtenberg-apotheke.at\/katalog\/wp-json\/wp\/v2\/product_brand?post=19899"},{"taxonomy":"product_cat","embeddable":true,"href":"https:\/\/www.hirtenberg-apotheke.at\/katalog\/wp-json\/wp\/v2\/product_cat?post=19899"},{"taxonomy":"product_tag","embeddable":true,"href":"https:\/\/www.hirtenberg-apotheke.at\/katalog\/wp-json\/wp\/v2\/product_tag?post=19899"}],"curies":[{"name":"wp","href":"https:\/\/api.w.org\/{rel}","templated":true}]}}