{"id":19920,"date":"2025-11-25T18:47:41","date_gmt":"2025-11-25T17:47:41","guid":{"rendered":"https:\/\/www.hirtenberg-apotheke.at\/katalog\/produkt\/la-roche-posay-lipikar-xerand-regenerierende-handcreme-50-ml\/"},"modified":"2025-11-25T18:47:43","modified_gmt":"2025-11-25T17:47:43","slug":"la-roche-posay-lipikar-xerand-regenerierende-handcreme-50-ml","status":"publish","type":"product","link":"https:\/\/www.hirtenberg-apotheke.at\/katalog\/produkt\/la-roche-posay-lipikar-xerand-regenerierende-handcreme-50-ml\/","title":{"rendered":"La Roche-Posay Lipikar Xerand Regenerierende Handcreme 50 ml"},"content":{"rendered":"<p>La Roche-Posay Lipikar Xerand unterst\u00fctzt die Wiederherstellung des sch\u00fctzenden Hydrolipidfilms bei rissigen und extrem trockenen H\u00e4nden. Bei sehr trockenen und angegriffenen H\u00e4nden wird die Hautschutzbarriere durch wiederholte sch\u00e4dliche Umwelteinfl\u00fcsse (wie klimatische Bedingungen, h\u00e4ufiges H\u00e4ndewaschen, etc.) belastet. LIPIKAR Xerand mit hautberuhigendem Thermalwasser aus La Roche-Posay stellt die Hautschutzbarriere wieder her und sch\u00fctzt die Haut vor t\u00e4glichen Belastungen. Zieht sofort ein. Hinterl\u00e4sst keinen Fettfilm.<\/p>\n","protected":false},"excerpt":{"rendered":"<p>La Roche-Posay Lipikar Xerand unterst\u00fctzt die Wiederherstellung des sch\u00fctzenden Hydrolipidfilms bei rissigen und extrem trockenen H\u00e4nden. Bei sehr trockenen und angegriffenen H\u00e4nden wird die Hautschutzbarriere durch wiederholte sch\u00e4dliche Umwelteinfl\u00fcsse (wie klimatische Bedingungen, h\u00e4ufiges H\u00e4ndewaschen, etc.) belastet. LIPIKAR Xerand mit hautberuhigendem Thermalwasser aus La Roche-Posay stellt die Hautschutzbarriere wieder her und sch\u00fctzt die Haut vor t\u00e4glichen [&hellip;]<\/p>\n","protected":false},"featured_media":0,"template":"","meta":{"_acf_changed":false},"product_brand":[692],"product_cat":[317],"product_tag":[],"class_list":{"0":"post-19920","1":"product","2":"type-product","3":"status-publish","5":"product_brand-la-roche-posay","6":"product_cat-l","7":"pa_packungsgroesse-50ml","9":"first","10":"instock","11":"shipping-taxable","12":"purchasable","13":"product-type-simple"},"acf":[],"_links":{"self":[{"href":"https:\/\/www.hirtenberg-apotheke.at\/katalog\/wp-json\/wp\/v2\/product\/19920","targetHints":{"allow":["GET"]}}],"collection":[{"href":"https:\/\/www.hirtenberg-apotheke.at\/katalog\/wp-json\/wp\/v2\/product"}],"about":[{"href":"https:\/\/www.hirtenberg-apotheke.at\/katalog\/wp-json\/wp\/v2\/types\/product"}],"wp:attachment":[{"href":"https:\/\/www.hirtenberg-apotheke.at\/katalog\/wp-json\/wp\/v2\/media?parent=19920"}],"wp:term":[{"taxonomy":"product_brand","embeddable":true,"href":"https:\/\/www.hirtenberg-apotheke.at\/katalog\/wp-json\/wp\/v2\/product_brand?post=19920"},{"taxonomy":"product_cat","embeddable":true,"href":"https:\/\/www.hirtenberg-apotheke.at\/katalog\/wp-json\/wp\/v2\/product_cat?post=19920"},{"taxonomy":"product_tag","embeddable":true,"href":"https:\/\/www.hirtenberg-apotheke.at\/katalog\/wp-json\/wp\/v2\/product_tag?post=19920"}],"curies":[{"name":"wp","href":"https:\/\/api.w.org\/{rel}","templated":true}]}}