{"id":19955,"date":"2025-11-25T18:47:58","date_gmt":"2025-11-25T17:47:58","guid":{"rendered":"https:\/\/www.hirtenberg-apotheke.at\/katalog\/produkt\/eubos-urea-10-fusscreme-100-ml\/"},"modified":"2025-11-25T18:48:07","modified_gmt":"2025-11-25T17:48:07","slug":"eubos-urea-10-fusscreme-100-ml","status":"publish","type":"product","link":"https:\/\/www.hirtenberg-apotheke.at\/katalog\/produkt\/eubos-urea-10-fusscreme-100-ml\/","title":{"rendered":"Eubos UREA 10% Fu\u00dfcreme 100 ml"},"content":{"rendered":"<p>Eubos Urea 10% Fu\u00dfcreme ist eine gut einziehende \u00d6l-in-Wasser (O\/W) Emulsion. Spezialpflege zur t\u00e4glichen Anwendung bei sehr trockenen, rauen F\u00fc\u00dfen. Erh\u00f6ht nachweislich intensiv die Feuchtigkeit, mindert Druckstellen und Verhornungen.<\/p>\n","protected":false},"excerpt":{"rendered":"<p>Eubos Urea 10% Fu\u00dfcreme ist eine gut einziehende \u00d6l-in-Wasser (O\/W) Emulsion. Spezialpflege zur t\u00e4glichen Anwendung bei sehr trockenen, rauen F\u00fc\u00dfen. Erh\u00f6ht nachweislich intensiv die Feuchtigkeit, mindert Druckstellen und Verhornungen.<\/p>\n","protected":false},"featured_media":19957,"template":"","meta":{"_acf_changed":false},"product_brand":[709],"product_cat":[307],"product_tag":[],"class_list":{"0":"post-19955","1":"product","2":"type-product","3":"status-publish","4":"has-post-thumbnail","6":"product_brand-eubos","7":"product_cat-e","8":"pa_packungsgroesse-100ml","10":"first","11":"instock","12":"shipping-taxable","13":"purchasable","14":"product-type-simple"},"acf":[],"_links":{"self":[{"href":"https:\/\/www.hirtenberg-apotheke.at\/katalog\/wp-json\/wp\/v2\/product\/19955","targetHints":{"allow":["GET"]}}],"collection":[{"href":"https:\/\/www.hirtenberg-apotheke.at\/katalog\/wp-json\/wp\/v2\/product"}],"about":[{"href":"https:\/\/www.hirtenberg-apotheke.at\/katalog\/wp-json\/wp\/v2\/types\/product"}],"wp:featuredmedia":[{"embeddable":true,"href":"https:\/\/www.hirtenberg-apotheke.at\/katalog\/wp-json\/wp\/v2\/media\/19957"}],"wp:attachment":[{"href":"https:\/\/www.hirtenberg-apotheke.at\/katalog\/wp-json\/wp\/v2\/media?parent=19955"}],"wp:term":[{"taxonomy":"product_brand","embeddable":true,"href":"https:\/\/www.hirtenberg-apotheke.at\/katalog\/wp-json\/wp\/v2\/product_brand?post=19955"},{"taxonomy":"product_cat","embeddable":true,"href":"https:\/\/www.hirtenberg-apotheke.at\/katalog\/wp-json\/wp\/v2\/product_cat?post=19955"},{"taxonomy":"product_tag","embeddable":true,"href":"https:\/\/www.hirtenberg-apotheke.at\/katalog\/wp-json\/wp\/v2\/product_tag?post=19955"}],"curies":[{"name":"wp","href":"https:\/\/api.w.org\/{rel}","templated":true}]}}