{"id":19991,"date":"2025-11-25T18:48:21","date_gmt":"2025-11-25T17:48:21","guid":{"rendered":"https:\/\/www.hirtenberg-apotheke.at\/katalog\/produkt\/ph-antitranspirant-fuss-50-ml-creme\/"},"modified":"2025-11-25T18:48:24","modified_gmt":"2025-11-25T17:48:24","slug":"ph-antitranspirant-fuss-50-ml-creme","status":"publish","type":"product","link":"https:\/\/www.hirtenberg-apotheke.at\/katalog\/produkt\/ph-antitranspirant-fuss-50-ml-creme\/","title":{"rendered":"ph-Antitranspirant Fu\u00df 50 ml Creme"},"content":{"rendered":"<p>ph-Antitranspirant Fu\u00dfcreme reduziert \u00fcberm\u00e4\u00dfige Schwei\u00dfbildung und sch\u00fctzt zuverl\u00e4ssig vor K\u00f6rpergeruch und h\u00e4sslichen Schwei\u00dfflecken. Er hinterl\u00e4sst keine Spuren auf der Kleidung. 24 Stunden starker Deoschutz mit nur einer Anwendung pro Tag.<\/p>\n","protected":false},"excerpt":{"rendered":"<p>ph-Antitranspirant Fu\u00dfcreme reduziert \u00fcberm\u00e4\u00dfige Schwei\u00dfbildung und sch\u00fctzt zuverl\u00e4ssig vor K\u00f6rpergeruch und h\u00e4sslichen Schwei\u00dfflecken. Er hinterl\u00e4sst keine Spuren auf der Kleidung. 24 Stunden starker Deoschutz mit nur einer Anwendung pro Tag.<\/p>\n","protected":false},"featured_media":0,"template":"","meta":{"_acf_changed":false},"product_brand":[693],"product_cat":[302],"product_tag":[],"class_list":{"0":"post-19991","1":"product","2":"type-product","3":"status-publish","5":"product_brand-ph-anti-transpirant","6":"product_cat-p","7":"pa_packungsgroesse-50ml","9":"first","10":"instock","11":"shipping-taxable","12":"purchasable","13":"product-type-simple"},"acf":[],"_links":{"self":[{"href":"https:\/\/www.hirtenberg-apotheke.at\/katalog\/wp-json\/wp\/v2\/product\/19991","targetHints":{"allow":["GET"]}}],"collection":[{"href":"https:\/\/www.hirtenberg-apotheke.at\/katalog\/wp-json\/wp\/v2\/product"}],"about":[{"href":"https:\/\/www.hirtenberg-apotheke.at\/katalog\/wp-json\/wp\/v2\/types\/product"}],"wp:attachment":[{"href":"https:\/\/www.hirtenberg-apotheke.at\/katalog\/wp-json\/wp\/v2\/media?parent=19991"}],"wp:term":[{"taxonomy":"product_brand","embeddable":true,"href":"https:\/\/www.hirtenberg-apotheke.at\/katalog\/wp-json\/wp\/v2\/product_brand?post=19991"},{"taxonomy":"product_cat","embeddable":true,"href":"https:\/\/www.hirtenberg-apotheke.at\/katalog\/wp-json\/wp\/v2\/product_cat?post=19991"},{"taxonomy":"product_tag","embeddable":true,"href":"https:\/\/www.hirtenberg-apotheke.at\/katalog\/wp-json\/wp\/v2\/product_tag?post=19991"}],"curies":[{"name":"wp","href":"https:\/\/api.w.org\/{rel}","templated":true}]}}