{"id":20065,"date":"2025-11-25T18:49:22","date_gmt":"2025-11-25T17:49:22","guid":{"rendered":"https:\/\/www.hirtenberg-apotheke.at\/katalog\/produkt\/gehwol-frische-balsam\/"},"modified":"2025-11-25T18:49:24","modified_gmt":"2025-11-25T17:49:24","slug":"gehwol-frische-balsam","status":"publish","type":"product","link":"https:\/\/www.hirtenberg-apotheke.at\/katalog\/produkt\/gehwol-frische-balsam\/","title":{"rendered":"Gehwol Frische Balsam"},"content":{"rendered":"<p>Gehwol Frische-Balsam ist eine k\u00fchle Creme f\u00fcr frische F\u00fc\u00dfe die pflegt und desodoriert.<\/p>\n","protected":false},"excerpt":{"rendered":"<p>Gehwol Frische-Balsam ist eine k\u00fchle Creme f\u00fcr frische F\u00fc\u00dfe die pflegt und desodoriert.<\/p>\n","protected":false},"featured_media":0,"template":"","meta":{"_acf_changed":false},"product_brand":[755],"product_cat":[328],"product_tag":[],"class_list":{"0":"post-20065","1":"product","2":"type-product","3":"status-publish","5":"product_brand-gehwol","6":"product_cat-g","7":"pa_packungsgroesse-75ml","9":"first","10":"instock","11":"shipping-taxable","12":"purchasable","13":"product-type-simple"},"acf":[],"_links":{"self":[{"href":"https:\/\/www.hirtenberg-apotheke.at\/katalog\/wp-json\/wp\/v2\/product\/20065","targetHints":{"allow":["GET"]}}],"collection":[{"href":"https:\/\/www.hirtenberg-apotheke.at\/katalog\/wp-json\/wp\/v2\/product"}],"about":[{"href":"https:\/\/www.hirtenberg-apotheke.at\/katalog\/wp-json\/wp\/v2\/types\/product"}],"wp:attachment":[{"href":"https:\/\/www.hirtenberg-apotheke.at\/katalog\/wp-json\/wp\/v2\/media?parent=20065"}],"wp:term":[{"taxonomy":"product_brand","embeddable":true,"href":"https:\/\/www.hirtenberg-apotheke.at\/katalog\/wp-json\/wp\/v2\/product_brand?post=20065"},{"taxonomy":"product_cat","embeddable":true,"href":"https:\/\/www.hirtenberg-apotheke.at\/katalog\/wp-json\/wp\/v2\/product_cat?post=20065"},{"taxonomy":"product_tag","embeddable":true,"href":"https:\/\/www.hirtenberg-apotheke.at\/katalog\/wp-json\/wp\/v2\/product_tag?post=20065"}],"curies":[{"name":"wp","href":"https:\/\/api.w.org\/{rel}","templated":true}]}}