{"id":20077,"date":"2025-11-25T18:49:22","date_gmt":"2025-11-25T17:49:22","guid":{"rendered":"https:\/\/www.hirtenberg-apotheke.at\/katalog\/produkt\/gehwol-fussbad-200-g\/"},"modified":"2025-11-25T18:49:30","modified_gmt":"2025-11-25T17:49:30","slug":"gehwol-fussbad-200-g","status":"publish","type":"product","link":"https:\/\/www.hirtenberg-apotheke.at\/katalog\/produkt\/gehwol-fussbad-200-g\/","title":{"rendered":"Gehwol Fu\u00dfbad 200 g"},"content":{"rendered":"<p>Gehwol Fu\u00dfbad mit balsamischen Kr\u00e4uter\u00f6len hilft dem schmerzenden, belebt den erm\u00fcdeten Fu\u00df.<\/p>\n","protected":false},"excerpt":{"rendered":"<p>Gehwol Fu\u00dfbad mit balsamischen Kr\u00e4uter\u00f6len hilft dem schmerzenden, belebt den erm\u00fcdeten Fu\u00df.<\/p>\n","protected":false},"featured_media":0,"template":"","meta":{"_acf_changed":false},"product_brand":[755],"product_cat":[328],"product_tag":[],"class_list":{"0":"post-20077","1":"product","2":"type-product","3":"status-publish","5":"product_brand-gehwol","6":"product_cat-g","7":"pa_packungsgroesse-200g","9":"first","10":"instock","11":"shipping-taxable","12":"purchasable","13":"product-type-simple"},"acf":[],"_links":{"self":[{"href":"https:\/\/www.hirtenberg-apotheke.at\/katalog\/wp-json\/wp\/v2\/product\/20077","targetHints":{"allow":["GET"]}}],"collection":[{"href":"https:\/\/www.hirtenberg-apotheke.at\/katalog\/wp-json\/wp\/v2\/product"}],"about":[{"href":"https:\/\/www.hirtenberg-apotheke.at\/katalog\/wp-json\/wp\/v2\/types\/product"}],"wp:attachment":[{"href":"https:\/\/www.hirtenberg-apotheke.at\/katalog\/wp-json\/wp\/v2\/media?parent=20077"}],"wp:term":[{"taxonomy":"product_brand","embeddable":true,"href":"https:\/\/www.hirtenberg-apotheke.at\/katalog\/wp-json\/wp\/v2\/product_brand?post=20077"},{"taxonomy":"product_cat","embeddable":true,"href":"https:\/\/www.hirtenberg-apotheke.at\/katalog\/wp-json\/wp\/v2\/product_cat?post=20077"},{"taxonomy":"product_tag","embeddable":true,"href":"https:\/\/www.hirtenberg-apotheke.at\/katalog\/wp-json\/wp\/v2\/product_tag?post=20077"}],"curies":[{"name":"wp","href":"https:\/\/api.w.org\/{rel}","templated":true}]}}