{"id":20115,"date":"2025-11-25T18:49:41","date_gmt":"2025-11-25T17:49:41","guid":{"rendered":"https:\/\/www.hirtenberg-apotheke.at\/katalog\/produkt\/dr-hauschka-handcreme-50-ml\/"},"modified":"2025-11-25T18:49:53","modified_gmt":"2025-11-25T17:49:53","slug":"dr-hauschka-handcreme-50-ml","status":"publish","type":"product","link":"https:\/\/www.hirtenberg-apotheke.at\/katalog\/produkt\/dr-hauschka-handcreme-50-ml\/","title":{"rendered":"Dr. Hauschka Handcreme 50 ml"},"content":{"rendered":"<p>Dr. Hauschka Handcreme verw\u00f6hnt und pflegt die H\u00e4nde jeden Tag. Die Komposition mit der vitalisierenden Kraft von Brutblatt, wertvollen pflanzlichen \u00d6len und Eibischwurzel reguliert die Feuchtigkeit und zieht schnell ein. Selbst raue und strapazierte H\u00e4nde werden wieder zart und geschmeidig.<\/p>\n","protected":false},"excerpt":{"rendered":"<p>Dr. Hauschka Handcreme verw\u00f6hnt und pflegt die H\u00e4nde jeden Tag. Die Komposition mit der vitalisierenden Kraft von Brutblatt, wertvollen pflanzlichen \u00d6len und Eibischwurzel reguliert die Feuchtigkeit und zieht schnell ein. Selbst raue und strapazierte H\u00e4nde werden wieder zart und geschmeidig.<\/p>\n","protected":false},"featured_media":20117,"template":"","meta":{"_acf_changed":false},"product_brand":[695],"product_cat":[295],"product_tag":[],"class_list":{"0":"post-20115","1":"product","2":"type-product","3":"status-publish","4":"has-post-thumbnail","6":"product_brand-dr-hauschka","7":"product_cat-d","8":"pa_packungsgroesse-50ml","10":"first","11":"instock","12":"shipping-taxable","13":"purchasable","14":"product-type-simple"},"acf":[],"_links":{"self":[{"href":"https:\/\/www.hirtenberg-apotheke.at\/katalog\/wp-json\/wp\/v2\/product\/20115","targetHints":{"allow":["GET"]}}],"collection":[{"href":"https:\/\/www.hirtenberg-apotheke.at\/katalog\/wp-json\/wp\/v2\/product"}],"about":[{"href":"https:\/\/www.hirtenberg-apotheke.at\/katalog\/wp-json\/wp\/v2\/types\/product"}],"wp:featuredmedia":[{"embeddable":true,"href":"https:\/\/www.hirtenberg-apotheke.at\/katalog\/wp-json\/wp\/v2\/media\/20117"}],"wp:attachment":[{"href":"https:\/\/www.hirtenberg-apotheke.at\/katalog\/wp-json\/wp\/v2\/media?parent=20115"}],"wp:term":[{"taxonomy":"product_brand","embeddable":true,"href":"https:\/\/www.hirtenberg-apotheke.at\/katalog\/wp-json\/wp\/v2\/product_brand?post=20115"},{"taxonomy":"product_cat","embeddable":true,"href":"https:\/\/www.hirtenberg-apotheke.at\/katalog\/wp-json\/wp\/v2\/product_cat?post=20115"},{"taxonomy":"product_tag","embeddable":true,"href":"https:\/\/www.hirtenberg-apotheke.at\/katalog\/wp-json\/wp\/v2\/product_tag?post=20115"}],"curies":[{"name":"wp","href":"https:\/\/api.w.org\/{rel}","templated":true}]}}