{"id":20149,"date":"2025-11-25T18:50:01","date_gmt":"2025-11-25T17:50:01","guid":{"rendered":"https:\/\/www.hirtenberg-apotheke.at\/katalog\/produkt\/dikla-nagelkur-intensiv-50-ml\/"},"modified":"2025-11-25T18:50:15","modified_gmt":"2025-11-25T17:50:15","slug":"dikla-nagelkur-intensiv-50-ml","status":"publish","type":"product","link":"https:\/\/www.hirtenberg-apotheke.at\/katalog\/produkt\/dikla-nagelkur-intensiv-50-ml\/","title":{"rendered":"Dikla Nagelkur Intensiv 50 ml"},"content":{"rendered":"<p>Dikla Nagelkur Intensiv revitalisiert die N\u00e4gel und macht sie elastischer. Die Kur sch\u00fctzt die N\u00e4gel, beugt einem Austrocknen vor und pflegt die Nagelhaut intensiv. Mit der reichhaltigen Regenerierenden Nagelkur werden trockene, br\u00fcchige N\u00e4gel und Nagelhaut wieder revitalisiert. Sie werden elastischer, sodass sie nicht mehr splittern oder abbrechen. Die Nagelkur kann zus\u00e4tzlich auch als sch\u00fctzende, schnell einziehende Handcreme verwendet werden..<\/p>\n","protected":false},"excerpt":{"rendered":"<p>Dikla Nagelkur Intensiv revitalisiert die N\u00e4gel und macht sie elastischer. Die Kur sch\u00fctzt die N\u00e4gel, beugt einem Austrocknen vor und pflegt die Nagelhaut intensiv. Mit der reichhaltigen Regenerierenden Nagelkur werden trockene, br\u00fcchige N\u00e4gel und Nagelhaut wieder revitalisiert. Sie werden elastischer, sodass sie nicht mehr splittern oder abbrechen. Die Nagelkur kann zus\u00e4tzlich auch als sch\u00fctzende, schnell [&hellip;]<\/p>\n","protected":false},"featured_media":20151,"template":"","meta":{"_acf_changed":false},"product_brand":[],"product_cat":[295],"product_tag":[],"class_list":{"0":"post-20149","1":"product","2":"type-product","3":"status-publish","4":"has-post-thumbnail","6":"product_cat-d","7":"pa_packungsgroesse-50ml","9":"first","10":"instock","11":"shipping-taxable","12":"purchasable","13":"product-type-simple"},"acf":[],"_links":{"self":[{"href":"https:\/\/www.hirtenberg-apotheke.at\/katalog\/wp-json\/wp\/v2\/product\/20149","targetHints":{"allow":["GET"]}}],"collection":[{"href":"https:\/\/www.hirtenberg-apotheke.at\/katalog\/wp-json\/wp\/v2\/product"}],"about":[{"href":"https:\/\/www.hirtenberg-apotheke.at\/katalog\/wp-json\/wp\/v2\/types\/product"}],"wp:featuredmedia":[{"embeddable":true,"href":"https:\/\/www.hirtenberg-apotheke.at\/katalog\/wp-json\/wp\/v2\/media\/20151"}],"wp:attachment":[{"href":"https:\/\/www.hirtenberg-apotheke.at\/katalog\/wp-json\/wp\/v2\/media?parent=20149"}],"wp:term":[{"taxonomy":"product_brand","embeddable":true,"href":"https:\/\/www.hirtenberg-apotheke.at\/katalog\/wp-json\/wp\/v2\/product_brand?post=20149"},{"taxonomy":"product_cat","embeddable":true,"href":"https:\/\/www.hirtenberg-apotheke.at\/katalog\/wp-json\/wp\/v2\/product_cat?post=20149"},{"taxonomy":"product_tag","embeddable":true,"href":"https:\/\/www.hirtenberg-apotheke.at\/katalog\/wp-json\/wp\/v2\/product_tag?post=20149"}],"curies":[{"name":"wp","href":"https:\/\/api.w.org\/{rel}","templated":true}]}}