{"id":20168,"date":"2025-11-25T18:50:20","date_gmt":"2025-11-25T17:50:20","guid":{"rendered":"https:\/\/www.hirtenberg-apotheke.at\/katalog\/produkt\/gehwol-med-fussdeo-creme-125-ml\/"},"modified":"2025-11-25T18:50:28","modified_gmt":"2025-11-25T17:50:28","slug":"gehwol-med-fussdeo-creme-125-ml","status":"publish","type":"product","link":"https:\/\/www.hirtenberg-apotheke.at\/katalog\/produkt\/gehwol-med-fussdeo-creme-125-ml\/","title":{"rendered":"Gehwol Med. Fu\u00dfdeo-Creme 125 ml"},"content":{"rendered":"<p>Gehwol med Fu\u00dfdeo-Creme mit neuem, angenehmem Duft kombiniert den hochkonzentrierten Wirkstoffextrakt des Manuka-\u00d6ls mit mikronisiertem Zinkoxid zur Beseitigung von starkem Fu\u00dfgeruch f\u00fcr mindestens 24 Stunden in einer pflegenden Cremegrundlage mit Jojoba-\u00d6l und Aloe Vera.<\/p>\n","protected":false},"excerpt":{"rendered":"<p>Gehwol med Fu\u00dfdeo-Creme mit neuem, angenehmem Duft kombiniert den hochkonzentrierten Wirkstoffextrakt des Manuka-\u00d6ls mit mikronisiertem Zinkoxid zur Beseitigung von starkem Fu\u00dfgeruch f\u00fcr mindestens 24 Stunden in einer pflegenden Cremegrundlage mit Jojoba-\u00d6l und Aloe Vera.<\/p>\n","protected":false},"featured_media":20170,"template":"","meta":{"_acf_changed":false},"product_brand":[755],"product_cat":[328],"product_tag":[],"class_list":{"0":"post-20168","1":"product","2":"type-product","3":"status-publish","4":"has-post-thumbnail","6":"product_brand-gehwol","7":"product_cat-g","8":"pa_packungsgroesse-125ml","10":"first","11":"instock","12":"shipping-taxable","13":"purchasable","14":"product-type-simple"},"acf":[],"_links":{"self":[{"href":"https:\/\/www.hirtenberg-apotheke.at\/katalog\/wp-json\/wp\/v2\/product\/20168","targetHints":{"allow":["GET"]}}],"collection":[{"href":"https:\/\/www.hirtenberg-apotheke.at\/katalog\/wp-json\/wp\/v2\/product"}],"about":[{"href":"https:\/\/www.hirtenberg-apotheke.at\/katalog\/wp-json\/wp\/v2\/types\/product"}],"wp:featuredmedia":[{"embeddable":true,"href":"https:\/\/www.hirtenberg-apotheke.at\/katalog\/wp-json\/wp\/v2\/media\/20170"}],"wp:attachment":[{"href":"https:\/\/www.hirtenberg-apotheke.at\/katalog\/wp-json\/wp\/v2\/media?parent=20168"}],"wp:term":[{"taxonomy":"product_brand","embeddable":true,"href":"https:\/\/www.hirtenberg-apotheke.at\/katalog\/wp-json\/wp\/v2\/product_brand?post=20168"},{"taxonomy":"product_cat","embeddable":true,"href":"https:\/\/www.hirtenberg-apotheke.at\/katalog\/wp-json\/wp\/v2\/product_cat?post=20168"},{"taxonomy":"product_tag","embeddable":true,"href":"https:\/\/www.hirtenberg-apotheke.at\/katalog\/wp-json\/wp\/v2\/product_tag?post=20168"}],"curies":[{"name":"wp","href":"https:\/\/api.w.org\/{rel}","templated":true}]}}