{"id":20175,"date":"2025-11-25T18:50:20","date_gmt":"2025-11-25T17:50:20","guid":{"rendered":"https:\/\/www.hirtenberg-apotheke.at\/katalog\/produkt\/gehwol-gel-zehschutz-2-stk-mittel\/"},"modified":"2025-11-25T18:50:31","modified_gmt":"2025-11-25T17:50:31","slug":"gehwol-gel-zehschutz-2-stk-mittel","status":"publish","type":"product","link":"https:\/\/www.hirtenberg-apotheke.at\/katalog\/produkt\/gehwol-gel-zehschutz-2-stk-mittel\/","title":{"rendered":"Gehwol Gel Zehschutz 2 Stk. Mittel"},"content":{"rendered":"<p>Gehwol Zehenschutz ist ein flexibles Polymer-Gel in feinem, hochelastischem Gewebe f\u00fcr gleichm\u00e4\u00dfig entlastende Druckverteilung, z. B. bei Warzen oder H\u00fchneraugen.<\/p>\n","protected":false},"excerpt":{"rendered":"<p>Gehwol Zehenschutz ist ein flexibles Polymer-Gel in feinem, hochelastischem Gewebe f\u00fcr gleichm\u00e4\u00dfig entlastende Druckverteilung, z. B. bei Warzen oder H\u00fchneraugen.<\/p>\n","protected":false},"featured_media":20177,"template":"","meta":{"_acf_changed":false},"product_brand":[755],"product_cat":[328],"product_tag":[],"class_list":{"0":"post-20175","1":"product","2":"type-product","3":"status-publish","4":"has-post-thumbnail","6":"product_brand-gehwol","7":"product_cat-g","8":"pa_packungsgroesse-2-stueck","10":"first","11":"instock","12":"shipping-taxable","13":"purchasable","14":"product-type-simple"},"acf":[],"_links":{"self":[{"href":"https:\/\/www.hirtenberg-apotheke.at\/katalog\/wp-json\/wp\/v2\/product\/20175","targetHints":{"allow":["GET"]}}],"collection":[{"href":"https:\/\/www.hirtenberg-apotheke.at\/katalog\/wp-json\/wp\/v2\/product"}],"about":[{"href":"https:\/\/www.hirtenberg-apotheke.at\/katalog\/wp-json\/wp\/v2\/types\/product"}],"wp:featuredmedia":[{"embeddable":true,"href":"https:\/\/www.hirtenberg-apotheke.at\/katalog\/wp-json\/wp\/v2\/media\/20177"}],"wp:attachment":[{"href":"https:\/\/www.hirtenberg-apotheke.at\/katalog\/wp-json\/wp\/v2\/media?parent=20175"}],"wp:term":[{"taxonomy":"product_brand","embeddable":true,"href":"https:\/\/www.hirtenberg-apotheke.at\/katalog\/wp-json\/wp\/v2\/product_brand?post=20175"},{"taxonomy":"product_cat","embeddable":true,"href":"https:\/\/www.hirtenberg-apotheke.at\/katalog\/wp-json\/wp\/v2\/product_cat?post=20175"},{"taxonomy":"product_tag","embeddable":true,"href":"https:\/\/www.hirtenberg-apotheke.at\/katalog\/wp-json\/wp\/v2\/product_tag?post=20175"}],"curies":[{"name":"wp","href":"https:\/\/api.w.org\/{rel}","templated":true}]}}