{"id":20197,"date":"2025-11-25T18:50:43","date_gmt":"2025-11-25T17:50:43","guid":{"rendered":"https:\/\/www.hirtenberg-apotheke.at\/katalog\/produkt\/gehwol-fussbad\/"},"modified":"2025-11-25T18:50:45","modified_gmt":"2025-11-25T17:50:45","slug":"gehwol-fussbad","status":"publish","type":"product","link":"https:\/\/www.hirtenberg-apotheke.at\/katalog\/produkt\/gehwol-fussbad\/","title":{"rendered":"Gehwol Fu\u00dfbad"},"content":{"rendered":"<p>Gehwol Fu\u00dfbad mit balsamischen Kr\u00e4uter\u00f6len hilft dem schmerzenden, belebt den erm\u00fcdeten Fu\u00df. Gehwol Fu\u00dfbad hilft wehen, brennenden und schwitzenden F\u00fc\u00dfen. Es belebt m\u00fcde F\u00fc\u00dfe und beseitigt l\u00e4stiges Fu\u00dfbrennen. Hornhaut, Schwielen und H\u00fchneraugen werden erweicht. Die Haut wird porentief gereinigt sie bleibt widerstandsf\u00e4hig und geschmeidig. Gehwol Fu\u00dfbad desodoriert nachhaltig. Nat\u00fcrliche \u00e4therische \u00d6le aus Lavendel, Rosmarin und Thymian f\u00f6rdern die Durchblutung. Die F\u00fc\u00dfe werden langanhaltend durchw\u00e4rmt und belebt. Eine anschlie\u00dfende Behandlung der F\u00fc\u00dfe mit Gehwol pflegendes Fu\u00dfdeo oder Gehwol Balsam unterst\u00fctzt die Wirkung.<\/p>\n","protected":false},"excerpt":{"rendered":"<p>Gehwol Fu\u00dfbad mit balsamischen Kr\u00e4uter\u00f6len hilft dem schmerzenden, belebt den erm\u00fcdeten Fu\u00df. Gehwol Fu\u00dfbad hilft wehen, brennenden und schwitzenden F\u00fc\u00dfen. Es belebt m\u00fcde F\u00fc\u00dfe und beseitigt l\u00e4stiges Fu\u00dfbrennen. Hornhaut, Schwielen und H\u00fchneraugen werden erweicht. Die Haut wird porentief gereinigt sie bleibt widerstandsf\u00e4hig und geschmeidig. Gehwol Fu\u00dfbad desodoriert nachhaltig. Nat\u00fcrliche \u00e4therische \u00d6le aus Lavendel, Rosmarin und [&hellip;]<\/p>\n","protected":false},"featured_media":0,"template":"","meta":{"_acf_changed":false},"product_brand":[755],"product_cat":[328],"product_tag":[],"class_list":{"0":"post-20197","1":"product","2":"type-product","3":"status-publish","5":"product_brand-gehwol","6":"product_cat-g","7":"pa_packungsgroesse-250g","9":"first","10":"instock","11":"shipping-taxable","12":"purchasable","13":"product-type-simple"},"acf":[],"_links":{"self":[{"href":"https:\/\/www.hirtenberg-apotheke.at\/katalog\/wp-json\/wp\/v2\/product\/20197","targetHints":{"allow":["GET"]}}],"collection":[{"href":"https:\/\/www.hirtenberg-apotheke.at\/katalog\/wp-json\/wp\/v2\/product"}],"about":[{"href":"https:\/\/www.hirtenberg-apotheke.at\/katalog\/wp-json\/wp\/v2\/types\/product"}],"wp:attachment":[{"href":"https:\/\/www.hirtenberg-apotheke.at\/katalog\/wp-json\/wp\/v2\/media?parent=20197"}],"wp:term":[{"taxonomy":"product_brand","embeddable":true,"href":"https:\/\/www.hirtenberg-apotheke.at\/katalog\/wp-json\/wp\/v2\/product_brand?post=20197"},{"taxonomy":"product_cat","embeddable":true,"href":"https:\/\/www.hirtenberg-apotheke.at\/katalog\/wp-json\/wp\/v2\/product_cat?post=20197"},{"taxonomy":"product_tag","embeddable":true,"href":"https:\/\/www.hirtenberg-apotheke.at\/katalog\/wp-json\/wp\/v2\/product_tag?post=20197"}],"curies":[{"name":"wp","href":"https:\/\/api.w.org\/{rel}","templated":true}]}}