{"id":20268,"date":"2025-11-25T18:51:17","date_gmt":"2025-11-25T17:51:17","guid":{"rendered":"https:\/\/www.hirtenberg-apotheke.at\/katalog\/produkt\/viva-skin-fusscreme-12-urea-100-g\/"},"modified":"2025-11-25T18:51:26","modified_gmt":"2025-11-25T17:51:26","slug":"viva-skin-fusscreme-12-urea-100-g","status":"publish","type":"product","link":"https:\/\/www.hirtenberg-apotheke.at\/katalog\/produkt\/viva-skin-fusscreme-12-urea-100-g\/","title":{"rendered":"Viva Skin Fu\u00dfcreme 12 % UREA 100 g"},"content":{"rendered":"<p>Viva Skin Fu\u00dfcreme Urea 12% ist eine schnell einziehende O\/W-Emulsion zur t\u00e4glichen Anwendung bei trockenen, rauen F\u00fc\u00dfen und rissigen Fersen. Harnstoff (Urea) spendet dabei intensiv Feuchtigkeit und wirkt sp\u00fcrbar juckreizlindernd.<\/p>\n","protected":false},"excerpt":{"rendered":"<p>Viva Skin Fu\u00dfcreme Urea 12% ist eine schnell einziehende O\/W-Emulsion zur t\u00e4glichen Anwendung bei trockenen, rauen F\u00fc\u00dfen und rissigen Fersen. Harnstoff (Urea) spendet dabei intensiv Feuchtigkeit und wirkt sp\u00fcrbar juckreizlindernd.<\/p>\n","protected":false},"featured_media":0,"template":"","meta":{"_acf_changed":false},"product_brand":[],"product_cat":[300],"product_tag":[],"class_list":{"0":"post-20268","1":"product","2":"type-product","3":"status-publish","5":"product_cat-v","6":"pa_packungsgroesse-100g","8":"first","9":"instock","10":"shipping-taxable","11":"purchasable","12":"product-type-simple"},"acf":[],"_links":{"self":[{"href":"https:\/\/www.hirtenberg-apotheke.at\/katalog\/wp-json\/wp\/v2\/product\/20268","targetHints":{"allow":["GET"]}}],"collection":[{"href":"https:\/\/www.hirtenberg-apotheke.at\/katalog\/wp-json\/wp\/v2\/product"}],"about":[{"href":"https:\/\/www.hirtenberg-apotheke.at\/katalog\/wp-json\/wp\/v2\/types\/product"}],"wp:attachment":[{"href":"https:\/\/www.hirtenberg-apotheke.at\/katalog\/wp-json\/wp\/v2\/media?parent=20268"}],"wp:term":[{"taxonomy":"product_brand","embeddable":true,"href":"https:\/\/www.hirtenberg-apotheke.at\/katalog\/wp-json\/wp\/v2\/product_brand?post=20268"},{"taxonomy":"product_cat","embeddable":true,"href":"https:\/\/www.hirtenberg-apotheke.at\/katalog\/wp-json\/wp\/v2\/product_cat?post=20268"},{"taxonomy":"product_tag","embeddable":true,"href":"https:\/\/www.hirtenberg-apotheke.at\/katalog\/wp-json\/wp\/v2\/product_tag?post=20268"}],"curies":[{"name":"wp","href":"https:\/\/api.w.org\/{rel}","templated":true}]}}