{"id":20290,"date":"2025-11-25T18:51:17","date_gmt":"2025-11-25T17:51:17","guid":{"rendered":"https:\/\/www.hirtenberg-apotheke.at\/katalog\/produkt\/weleda-regenerationshandcreme-50-ml-granatapfel\/"},"modified":"2025-11-25T18:51:43","modified_gmt":"2025-11-25T17:51:43","slug":"weleda-regenerationshandcreme-50-ml-granatapfel","status":"publish","type":"product","link":"https:\/\/www.hirtenberg-apotheke.at\/katalog\/produkt\/weleda-regenerationshandcreme-50-ml-granatapfel\/","title":{"rendered":"Weleda Regenerationshandcreme 50 ml Granatapfel"},"content":{"rendered":"<p>Die neue Weleda Granatapfel-Regenerationshandcreme pflegt Ihre H\u00e4nde sp\u00fcrbar glatt und geschmeidig. Die gut einziehende Creme sch\u00fctzt durch den antioxidativen Wirkstoffkomplex vor vorzeitiger Hautalterung und beugt somit auch der Bildung von altersbedingten Pigmentflecken vor.<\/p>\n","protected":false},"excerpt":{"rendered":"<p>Die neue Weleda Granatapfel-Regenerationshandcreme pflegt Ihre H\u00e4nde sp\u00fcrbar glatt und geschmeidig. Die gut einziehende Creme sch\u00fctzt durch den antioxidativen Wirkstoffkomplex vor vorzeitiger Hautalterung und beugt somit auch der Bildung von altersbedingten Pigmentflecken vor.<\/p>\n","protected":false},"featured_media":20292,"template":"","meta":{"_acf_changed":false},"product_brand":[554],"product_cat":[368],"product_tag":[],"class_list":{"0":"post-20290","1":"product","2":"type-product","3":"status-publish","4":"has-post-thumbnail","6":"product_brand-weleda","7":"product_cat-w","8":"pa_packungsgroesse-50ml","10":"first","11":"instock","12":"shipping-taxable","13":"purchasable","14":"product-type-simple"},"acf":[],"_links":{"self":[{"href":"https:\/\/www.hirtenberg-apotheke.at\/katalog\/wp-json\/wp\/v2\/product\/20290","targetHints":{"allow":["GET"]}}],"collection":[{"href":"https:\/\/www.hirtenberg-apotheke.at\/katalog\/wp-json\/wp\/v2\/product"}],"about":[{"href":"https:\/\/www.hirtenberg-apotheke.at\/katalog\/wp-json\/wp\/v2\/types\/product"}],"wp:featuredmedia":[{"embeddable":true,"href":"https:\/\/www.hirtenberg-apotheke.at\/katalog\/wp-json\/wp\/v2\/media\/20292"}],"wp:attachment":[{"href":"https:\/\/www.hirtenberg-apotheke.at\/katalog\/wp-json\/wp\/v2\/media?parent=20290"}],"wp:term":[{"taxonomy":"product_brand","embeddable":true,"href":"https:\/\/www.hirtenberg-apotheke.at\/katalog\/wp-json\/wp\/v2\/product_brand?post=20290"},{"taxonomy":"product_cat","embeddable":true,"href":"https:\/\/www.hirtenberg-apotheke.at\/katalog\/wp-json\/wp\/v2\/product_cat?post=20290"},{"taxonomy":"product_tag","embeddable":true,"href":"https:\/\/www.hirtenberg-apotheke.at\/katalog\/wp-json\/wp\/v2\/product_tag?post=20290"}],"curies":[{"name":"wp","href":"https:\/\/api.w.org\/{rel}","templated":true}]}}