{"id":20345,"date":"2025-11-25T18:52:05","date_gmt":"2025-11-25T17:52:05","guid":{"rendered":"https:\/\/www.hirtenberg-apotheke.at\/katalog\/produkt\/gehwol-hornhaut-schwamm-1-stk\/"},"modified":"2025-11-25T18:52:10","modified_gmt":"2025-11-25T17:52:10","slug":"gehwol-hornhaut-schwamm-1-stk","status":"publish","type":"product","link":"https:\/\/www.hirtenberg-apotheke.at\/katalog\/produkt\/gehwol-hornhaut-schwamm-1-stk\/","title":{"rendered":"Gehwol Hornhaut Schwamm 1 Stk."},"content":{"rendered":"<p>Gehwol Hornhaut Schwamm ist ein grob- und feinporiger Mineral-Hautschwamm. Die gr\u00f6bere, wei\u00dfe Seite zur Entfernung von hartn\u00e4ckiger Hornhaut, Schwielen und H\u00fchneraugen an den F\u00fc\u00dfen. Die feinere, blaue Seite f\u00fcr H\u00e4nde, Kn\u00f6chel, Knie etc. Abgestorbene Hautzellen werden entfernt, die Haut wird zart und weich.<\/p>\n","protected":false},"excerpt":{"rendered":"<p>Gehwol Hornhaut Schwamm ist ein grob- und feinporiger Mineral-Hautschwamm. Die gr\u00f6bere, wei\u00dfe Seite zur Entfernung von hartn\u00e4ckiger Hornhaut, Schwielen und H\u00fchneraugen an den F\u00fc\u00dfen. Die feinere, blaue Seite f\u00fcr H\u00e4nde, Kn\u00f6chel, Knie etc. Abgestorbene Hautzellen werden entfernt, die Haut wird zart und weich.<\/p>\n","protected":false},"featured_media":20347,"template":"","meta":{"_acf_changed":false},"product_brand":[755],"product_cat":[328],"product_tag":[],"class_list":{"0":"post-20345","1":"product","2":"type-product","3":"status-publish","4":"has-post-thumbnail","6":"product_brand-gehwol","7":"product_cat-g","8":"pa_packungsgroesse-1-stueck","10":"first","11":"instock","12":"shipping-taxable","13":"purchasable","14":"product-type-simple"},"acf":[],"_links":{"self":[{"href":"https:\/\/www.hirtenberg-apotheke.at\/katalog\/wp-json\/wp\/v2\/product\/20345","targetHints":{"allow":["GET"]}}],"collection":[{"href":"https:\/\/www.hirtenberg-apotheke.at\/katalog\/wp-json\/wp\/v2\/product"}],"about":[{"href":"https:\/\/www.hirtenberg-apotheke.at\/katalog\/wp-json\/wp\/v2\/types\/product"}],"wp:featuredmedia":[{"embeddable":true,"href":"https:\/\/www.hirtenberg-apotheke.at\/katalog\/wp-json\/wp\/v2\/media\/20347"}],"wp:attachment":[{"href":"https:\/\/www.hirtenberg-apotheke.at\/katalog\/wp-json\/wp\/v2\/media?parent=20345"}],"wp:term":[{"taxonomy":"product_brand","embeddable":true,"href":"https:\/\/www.hirtenberg-apotheke.at\/katalog\/wp-json\/wp\/v2\/product_brand?post=20345"},{"taxonomy":"product_cat","embeddable":true,"href":"https:\/\/www.hirtenberg-apotheke.at\/katalog\/wp-json\/wp\/v2\/product_cat?post=20345"},{"taxonomy":"product_tag","embeddable":true,"href":"https:\/\/www.hirtenberg-apotheke.at\/katalog\/wp-json\/wp\/v2\/product_tag?post=20345"}],"curies":[{"name":"wp","href":"https:\/\/api.w.org\/{rel}","templated":true}]}}