{"id":20348,"date":"2025-11-25T18:52:05","date_gmt":"2025-11-25T17:52:05","guid":{"rendered":"https:\/\/www.hirtenberg-apotheke.at\/katalog\/produkt\/eubos-sensitive-pflege-hand-nail-50-ml\/"},"modified":"2025-11-25T18:52:13","modified_gmt":"2025-11-25T17:52:13","slug":"eubos-sensitive-pflege-hand-nail-50-ml","status":"publish","type":"product","link":"https:\/\/www.hirtenberg-apotheke.at\/katalog\/produkt\/eubos-sensitive-pflege-hand-nail-50-ml\/","title":{"rendered":"Eubos Sensitive Pflege Hand &#038; Nail 50 ml"},"content":{"rendered":"<p>Eubos Sensitive Hand > Nail mit der Spezial-Formel (O\/W) f\u00fcr sch\u00f6ne kr\u00e4ftige N\u00e4gel und geschmeidige, zarte Haut.<\/p>\n","protected":false},"excerpt":{"rendered":"<p>Eubos Sensitive Hand > Nail mit der Spezial-Formel (O\/W) f\u00fcr sch\u00f6ne kr\u00e4ftige N\u00e4gel und geschmeidige, zarte Haut.<\/p>\n","protected":false},"featured_media":20350,"template":"","meta":{"_acf_changed":false},"product_brand":[709],"product_cat":[307],"product_tag":[],"class_list":{"0":"post-20348","1":"product","2":"type-product","3":"status-publish","4":"has-post-thumbnail","6":"product_brand-eubos","7":"product_cat-e","8":"pa_packungsgroesse-50ml","10":"first","11":"instock","12":"shipping-taxable","13":"purchasable","14":"product-type-simple"},"acf":[],"_links":{"self":[{"href":"https:\/\/www.hirtenberg-apotheke.at\/katalog\/wp-json\/wp\/v2\/product\/20348","targetHints":{"allow":["GET"]}}],"collection":[{"href":"https:\/\/www.hirtenberg-apotheke.at\/katalog\/wp-json\/wp\/v2\/product"}],"about":[{"href":"https:\/\/www.hirtenberg-apotheke.at\/katalog\/wp-json\/wp\/v2\/types\/product"}],"wp:featuredmedia":[{"embeddable":true,"href":"https:\/\/www.hirtenberg-apotheke.at\/katalog\/wp-json\/wp\/v2\/media\/20350"}],"wp:attachment":[{"href":"https:\/\/www.hirtenberg-apotheke.at\/katalog\/wp-json\/wp\/v2\/media?parent=20348"}],"wp:term":[{"taxonomy":"product_brand","embeddable":true,"href":"https:\/\/www.hirtenberg-apotheke.at\/katalog\/wp-json\/wp\/v2\/product_brand?post=20348"},{"taxonomy":"product_cat","embeddable":true,"href":"https:\/\/www.hirtenberg-apotheke.at\/katalog\/wp-json\/wp\/v2\/product_cat?post=20348"},{"taxonomy":"product_tag","embeddable":true,"href":"https:\/\/www.hirtenberg-apotheke.at\/katalog\/wp-json\/wp\/v2\/product_tag?post=20348"}],"curies":[{"name":"wp","href":"https:\/\/api.w.org\/{rel}","templated":true}]}}