{"id":20531,"date":"2025-11-25T18:53:44","date_gmt":"2025-11-25T17:53:44","guid":{"rendered":"https:\/\/www.hirtenberg-apotheke.at\/katalog\/produkt\/la-cura-nagel-pflegestift\/"},"modified":"2025-11-25T18:54:01","modified_gmt":"2025-11-25T17:54:01","slug":"la-cura-nagel-pflegestift","status":"publish","type":"product","link":"https:\/\/www.hirtenberg-apotheke.at\/katalog\/produkt\/la-cura-nagel-pflegestift\/","title":{"rendered":"La Cura Nagel Pflegestift"},"content":{"rendered":"<p>La Cura Nagel Pflegestift Mit nat\u00fcrlichem Jojoba \u00d6l und Vitaminen dient zur Pflege der Nagelhaut und zur St\u00e4rkung der N\u00e4gel.<\/p>\n","protected":false},"excerpt":{"rendered":"<p>La Cura Nagel Pflegestift Mit nat\u00fcrlichem Jojoba \u00d6l und Vitaminen dient zur Pflege der Nagelhaut und zur St\u00e4rkung der N\u00e4gel.<\/p>\n","protected":false},"featured_media":0,"template":"","meta":{"_acf_changed":false},"product_brand":[],"product_cat":[317],"product_tag":[],"class_list":{"0":"post-20531","1":"product","2":"type-product","3":"status-publish","5":"product_cat-l","6":"pa_packungsgroesse-1-stueck","8":"first","9":"instock","10":"shipping-taxable","11":"purchasable","12":"product-type-simple"},"acf":[],"_links":{"self":[{"href":"https:\/\/www.hirtenberg-apotheke.at\/katalog\/wp-json\/wp\/v2\/product\/20531","targetHints":{"allow":["GET"]}}],"collection":[{"href":"https:\/\/www.hirtenberg-apotheke.at\/katalog\/wp-json\/wp\/v2\/product"}],"about":[{"href":"https:\/\/www.hirtenberg-apotheke.at\/katalog\/wp-json\/wp\/v2\/types\/product"}],"wp:attachment":[{"href":"https:\/\/www.hirtenberg-apotheke.at\/katalog\/wp-json\/wp\/v2\/media?parent=20531"}],"wp:term":[{"taxonomy":"product_brand","embeddable":true,"href":"https:\/\/www.hirtenberg-apotheke.at\/katalog\/wp-json\/wp\/v2\/product_brand?post=20531"},{"taxonomy":"product_cat","embeddable":true,"href":"https:\/\/www.hirtenberg-apotheke.at\/katalog\/wp-json\/wp\/v2\/product_cat?post=20531"},{"taxonomy":"product_tag","embeddable":true,"href":"https:\/\/www.hirtenberg-apotheke.at\/katalog\/wp-json\/wp\/v2\/product_tag?post=20531"}],"curies":[{"name":"wp","href":"https:\/\/api.w.org\/{rel}","templated":true}]}}