{"id":20568,"date":"2025-11-25T18:54:20","date_gmt":"2025-11-25T17:54:20","guid":{"rendered":"https:\/\/www.hirtenberg-apotheke.at\/katalog\/produkt\/dr-hauschka-rosmarin-beinlotion-100-ml\/"},"modified":"2025-11-25T18:54:22","modified_gmt":"2025-11-25T17:54:22","slug":"dr-hauschka-rosmarin-beinlotion-100-ml","status":"publish","type":"product","link":"https:\/\/www.hirtenberg-apotheke.at\/katalog\/produkt\/dr-hauschka-rosmarin-beinlotion-100-ml\/","title":{"rendered":"Dr. Hauschka Rosmarin Beinlotion 100 ml"},"content":{"rendered":"<p>Dr. Hauschka Rosmarin Beinlotion ist die pflegende Erfrischung f\u00fcr die Beine. Sie wirkt sowohl vorbeugend als auch wohltuend bei Schwellungen und Stauungen. M\u00fcde Beine erhalten wieder Leichtigkeit. Die Komposition mit Borretsch, Rosmarin und Rizinus\u00f6l aktiviert und belebt die Haut und bewahrt zugleich vor Austrocknung.<\/p>\n","protected":false},"excerpt":{"rendered":"<p>Dr. Hauschka Rosmarin Beinlotion ist die pflegende Erfrischung f\u00fcr die Beine. Sie wirkt sowohl vorbeugend als auch wohltuend bei Schwellungen und Stauungen. M\u00fcde Beine erhalten wieder Leichtigkeit. Die Komposition mit Borretsch, Rosmarin und Rizinus\u00f6l aktiviert und belebt die Haut und bewahrt zugleich vor Austrocknung.<\/p>\n","protected":false},"featured_media":20570,"template":"","meta":{"_acf_changed":false},"product_brand":[695],"product_cat":[295],"product_tag":[],"class_list":{"0":"post-20568","1":"product","2":"type-product","3":"status-publish","4":"has-post-thumbnail","6":"product_brand-dr-hauschka","7":"product_cat-d","8":"pa_packungsgroesse-100ml","10":"first","11":"instock","12":"shipping-taxable","13":"purchasable","14":"product-type-simple"},"acf":[],"_links":{"self":[{"href":"https:\/\/www.hirtenberg-apotheke.at\/katalog\/wp-json\/wp\/v2\/product\/20568","targetHints":{"allow":["GET"]}}],"collection":[{"href":"https:\/\/www.hirtenberg-apotheke.at\/katalog\/wp-json\/wp\/v2\/product"}],"about":[{"href":"https:\/\/www.hirtenberg-apotheke.at\/katalog\/wp-json\/wp\/v2\/types\/product"}],"wp:featuredmedia":[{"embeddable":true,"href":"https:\/\/www.hirtenberg-apotheke.at\/katalog\/wp-json\/wp\/v2\/media\/20570"}],"wp:attachment":[{"href":"https:\/\/www.hirtenberg-apotheke.at\/katalog\/wp-json\/wp\/v2\/media?parent=20568"}],"wp:term":[{"taxonomy":"product_brand","embeddable":true,"href":"https:\/\/www.hirtenberg-apotheke.at\/katalog\/wp-json\/wp\/v2\/product_brand?post=20568"},{"taxonomy":"product_cat","embeddable":true,"href":"https:\/\/www.hirtenberg-apotheke.at\/katalog\/wp-json\/wp\/v2\/product_cat?post=20568"},{"taxonomy":"product_tag","embeddable":true,"href":"https:\/\/www.hirtenberg-apotheke.at\/katalog\/wp-json\/wp\/v2\/product_tag?post=20568"}],"curies":[{"name":"wp","href":"https:\/\/api.w.org\/{rel}","templated":true}]}}