{"id":20572,"date":"2025-11-25T18:54:20","date_gmt":"2025-11-25T17:54:20","guid":{"rendered":"https:\/\/www.hirtenberg-apotheke.at\/katalog\/produkt\/weleda-hand-und-nagelcreme-citrus-50-ml\/"},"modified":"2025-11-25T18:54:24","modified_gmt":"2025-11-25T17:54:24","slug":"weleda-hand-und-nagelcreme-citrus-50-ml","status":"publish","type":"product","link":"https:\/\/www.hirtenberg-apotheke.at\/katalog\/produkt\/weleda-hand-und-nagelcreme-citrus-50-ml\/","title":{"rendered":"Weleda Hand- und Nagelcreme Citrus 50 ml"},"content":{"rendered":"<p>Weleda Hand- und Nagelcreme Citrus pflegt Ihre Haut samtweich und unterst\u00fctzt das Wachstum sch\u00f6ner gesunder N\u00e4gel. Sie belebt die Sinne durch ihren erfrischenden Duft aus echtem \u00e4therischem Citrus\u00f6l.<\/p>\n","protected":false},"excerpt":{"rendered":"<p>Weleda Hand- und Nagelcreme Citrus pflegt Ihre Haut samtweich und unterst\u00fctzt das Wachstum sch\u00f6ner gesunder N\u00e4gel. Sie belebt die Sinne durch ihren erfrischenden Duft aus echtem \u00e4therischem Citrus\u00f6l.<\/p>\n","protected":false},"featured_media":0,"template":"","meta":{"_acf_changed":false},"product_brand":[554],"product_cat":[368],"product_tag":[],"class_list":{"0":"post-20572","1":"product","2":"type-product","3":"status-publish","5":"product_brand-weleda","6":"product_cat-w","7":"pa_packungsgroesse-50ml","9":"first","10":"instock","11":"shipping-taxable","12":"purchasable","13":"product-type-simple"},"acf":[],"_links":{"self":[{"href":"https:\/\/www.hirtenberg-apotheke.at\/katalog\/wp-json\/wp\/v2\/product\/20572","targetHints":{"allow":["GET"]}}],"collection":[{"href":"https:\/\/www.hirtenberg-apotheke.at\/katalog\/wp-json\/wp\/v2\/product"}],"about":[{"href":"https:\/\/www.hirtenberg-apotheke.at\/katalog\/wp-json\/wp\/v2\/types\/product"}],"wp:attachment":[{"href":"https:\/\/www.hirtenberg-apotheke.at\/katalog\/wp-json\/wp\/v2\/media?parent=20572"}],"wp:term":[{"taxonomy":"product_brand","embeddable":true,"href":"https:\/\/www.hirtenberg-apotheke.at\/katalog\/wp-json\/wp\/v2\/product_brand?post=20572"},{"taxonomy":"product_cat","embeddable":true,"href":"https:\/\/www.hirtenberg-apotheke.at\/katalog\/wp-json\/wp\/v2\/product_cat?post=20572"},{"taxonomy":"product_tag","embeddable":true,"href":"https:\/\/www.hirtenberg-apotheke.at\/katalog\/wp-json\/wp\/v2\/product_tag?post=20572"}],"curies":[{"name":"wp","href":"https:\/\/api.w.org\/{rel}","templated":true}]}}