{"id":20624,"date":"2025-11-25T18:54:44","date_gmt":"2025-11-25T17:54:44","guid":{"rendered":"https:\/\/www.hirtenberg-apotheke.at\/katalog\/produkt\/allgaeuer-latschenkiefer-fussbutter-200-ml\/"},"modified":"2025-11-25T18:54:54","modified_gmt":"2025-11-25T17:54:54","slug":"allgaeuer-latschenkiefer-fussbutter-200-ml","status":"publish","type":"product","link":"https:\/\/www.hirtenberg-apotheke.at\/katalog\/produkt\/allgaeuer-latschenkiefer-fussbutter-200-ml\/","title":{"rendered":"Allg\u00e4uer Latschenkiefer Fu\u00dfbutter 200 ml"},"content":{"rendered":"<p>Allg\u00e4uer Latschenkiefer Fu\u00dfbutter enth\u00e4lt wertvolles Allg\u00e4uer Latschenkiefern\u00f6l, Shea Butter, Cupuacu Butter und hautberuhigende, feuchtigkeitspendende Pflanzenextrakte. Verwenden Sie die Fu\u00df Butter idealerweise abends oder an einem Ihrer pers\u00f6nlichen Wellness-Tage als Intensiv-Pflegekur und pflegen Sie Ihre trockenen und rissigen F\u00fc\u00dfe streichelzart.<\/p>\n","protected":false},"excerpt":{"rendered":"<p>Allg\u00e4uer Latschenkiefer Fu\u00dfbutter enth\u00e4lt wertvolles Allg\u00e4uer Latschenkiefern\u00f6l, Shea Butter, Cupuacu Butter und hautberuhigende, feuchtigkeitspendende Pflanzenextrakte. Verwenden Sie die Fu\u00df Butter idealerweise abends oder an einem Ihrer pers\u00f6nlichen Wellness-Tage als Intensiv-Pflegekur und pflegen Sie Ihre trockenen und rissigen F\u00fc\u00dfe streichelzart.<\/p>\n","protected":false},"featured_media":20626,"template":"","meta":{"_acf_changed":false},"product_brand":[761],"product_cat":[299],"product_tag":[],"class_list":{"0":"post-20624","1":"product","2":"type-product","3":"status-publish","4":"has-post-thumbnail","6":"product_brand-allgaeuer-latschenkiefer","7":"product_cat-a","8":"pa_packungsgroesse-200ml","10":"first","11":"instock","12":"shipping-taxable","13":"purchasable","14":"product-type-simple"},"acf":[],"_links":{"self":[{"href":"https:\/\/www.hirtenberg-apotheke.at\/katalog\/wp-json\/wp\/v2\/product\/20624","targetHints":{"allow":["GET"]}}],"collection":[{"href":"https:\/\/www.hirtenberg-apotheke.at\/katalog\/wp-json\/wp\/v2\/product"}],"about":[{"href":"https:\/\/www.hirtenberg-apotheke.at\/katalog\/wp-json\/wp\/v2\/types\/product"}],"wp:featuredmedia":[{"embeddable":true,"href":"https:\/\/www.hirtenberg-apotheke.at\/katalog\/wp-json\/wp\/v2\/media\/20626"}],"wp:attachment":[{"href":"https:\/\/www.hirtenberg-apotheke.at\/katalog\/wp-json\/wp\/v2\/media?parent=20624"}],"wp:term":[{"taxonomy":"product_brand","embeddable":true,"href":"https:\/\/www.hirtenberg-apotheke.at\/katalog\/wp-json\/wp\/v2\/product_brand?post=20624"},{"taxonomy":"product_cat","embeddable":true,"href":"https:\/\/www.hirtenberg-apotheke.at\/katalog\/wp-json\/wp\/v2\/product_cat?post=20624"},{"taxonomy":"product_tag","embeddable":true,"href":"https:\/\/www.hirtenberg-apotheke.at\/katalog\/wp-json\/wp\/v2\/product_tag?post=20624"}],"curies":[{"name":"wp","href":"https:\/\/api.w.org\/{rel}","templated":true}]}}