{"id":20647,"date":"2025-11-25T18:55:05","date_gmt":"2025-11-25T17:55:05","guid":{"rendered":"https:\/\/www.hirtenberg-apotheke.at\/katalog\/produkt\/gehwol-hammerzehpolster-1-stk-rechts\/"},"modified":"2025-11-25T18:55:07","modified_gmt":"2025-11-25T17:55:07","slug":"gehwol-hammerzehpolster-1-stk-rechts","status":"publish","type":"product","link":"https:\/\/www.hirtenberg-apotheke.at\/katalog\/produkt\/gehwol-hammerzehpolster-1-stk-rechts\/","title":{"rendered":"Gehwol Hammerzehpolster 1 Stk. Rechts"},"content":{"rendered":"<p>Gehwol Hammerzehn Polster ist ein besonders komfortables weiches Polymer-Gel-Polster mit breiter, elastischer Schlaufe f\u00fcr sicheren Sitz, ohne einzuschn\u00fcren. Verh\u00fctet Hautreizungen und H\u00fchneraugen an Zehenkuppen. Die Belastbarkeit der F\u00fc\u00dfe wird sp\u00fcrbar erh\u00f6ht.<\/p>\n","protected":false},"excerpt":{"rendered":"<p>Gehwol Hammerzehn Polster ist ein besonders komfortables weiches Polymer-Gel-Polster mit breiter, elastischer Schlaufe f\u00fcr sicheren Sitz, ohne einzuschn\u00fcren. Verh\u00fctet Hautreizungen und H\u00fchneraugen an Zehenkuppen. Die Belastbarkeit der F\u00fc\u00dfe wird sp\u00fcrbar erh\u00f6ht.<\/p>\n","protected":false},"featured_media":0,"template":"","meta":{"_acf_changed":false},"product_brand":[755],"product_cat":[328],"product_tag":[],"class_list":{"0":"post-20647","1":"product","2":"type-product","3":"status-publish","5":"product_brand-gehwol","6":"product_cat-g","7":"pa_packungsgroesse-1-stueck","9":"first","10":"instock","11":"shipping-taxable","12":"purchasable","13":"product-type-simple"},"acf":[],"_links":{"self":[{"href":"https:\/\/www.hirtenberg-apotheke.at\/katalog\/wp-json\/wp\/v2\/product\/20647","targetHints":{"allow":["GET"]}}],"collection":[{"href":"https:\/\/www.hirtenberg-apotheke.at\/katalog\/wp-json\/wp\/v2\/product"}],"about":[{"href":"https:\/\/www.hirtenberg-apotheke.at\/katalog\/wp-json\/wp\/v2\/types\/product"}],"wp:attachment":[{"href":"https:\/\/www.hirtenberg-apotheke.at\/katalog\/wp-json\/wp\/v2\/media?parent=20647"}],"wp:term":[{"taxonomy":"product_brand","embeddable":true,"href":"https:\/\/www.hirtenberg-apotheke.at\/katalog\/wp-json\/wp\/v2\/product_brand?post=20647"},{"taxonomy":"product_cat","embeddable":true,"href":"https:\/\/www.hirtenberg-apotheke.at\/katalog\/wp-json\/wp\/v2\/product_cat?post=20647"},{"taxonomy":"product_tag","embeddable":true,"href":"https:\/\/www.hirtenberg-apotheke.at\/katalog\/wp-json\/wp\/v2\/product_tag?post=20647"}],"curies":[{"name":"wp","href":"https:\/\/api.w.org\/{rel}","templated":true}]}}