{"id":20702,"date":"2025-11-25T18:55:24","date_gmt":"2025-11-25T17:55:24","guid":{"rendered":"https:\/\/www.hirtenberg-apotheke.at\/katalog\/produkt\/gehwol-gel-vorfusspolster-1-stk\/"},"modified":"2025-11-25T18:55:35","modified_gmt":"2025-11-25T17:55:35","slug":"gehwol-gel-vorfusspolster-1-stk","status":"publish","type":"product","link":"https:\/\/www.hirtenberg-apotheke.at\/katalog\/produkt\/gehwol-gel-vorfusspolster-1-stk\/","title":{"rendered":"Gehwol Gel Vorfu\u00dfpolster 1 Stk."},"content":{"rendered":"<p>Gehwol Vorfu\u00dfpolster lindert Schmerzen und Brennen unter der Fu\u00dfsohle. Das Polster wirkt auf die K\u00f6pfe des Metatarsus und mindert Beschwerden, die beim Tragen von Schuhen mit hohen Abs\u00e4tzen auftreten k\u00f6nnen. Das weiche Gel vermindert die Bildung von Hornhaut auf der Fu\u00dfsohle.<\/p>\n","protected":false},"excerpt":{"rendered":"<p>Gehwol Vorfu\u00dfpolster lindert Schmerzen und Brennen unter der Fu\u00dfsohle. Das Polster wirkt auf die K\u00f6pfe des Metatarsus und mindert Beschwerden, die beim Tragen von Schuhen mit hohen Abs\u00e4tzen auftreten k\u00f6nnen. Das weiche Gel vermindert die Bildung von Hornhaut auf der Fu\u00dfsohle.<\/p>\n","protected":false},"featured_media":0,"template":"","meta":{"_acf_changed":false},"product_brand":[755],"product_cat":[328],"product_tag":[],"class_list":{"0":"post-20702","1":"product","2":"type-product","3":"status-publish","5":"product_brand-gehwol","6":"product_cat-g","7":"pa_packungsgroesse-1-stueck","9":"first","10":"instock","11":"shipping-taxable","12":"purchasable","13":"product-type-simple"},"acf":[],"_links":{"self":[{"href":"https:\/\/www.hirtenberg-apotheke.at\/katalog\/wp-json\/wp\/v2\/product\/20702","targetHints":{"allow":["GET"]}}],"collection":[{"href":"https:\/\/www.hirtenberg-apotheke.at\/katalog\/wp-json\/wp\/v2\/product"}],"about":[{"href":"https:\/\/www.hirtenberg-apotheke.at\/katalog\/wp-json\/wp\/v2\/types\/product"}],"wp:attachment":[{"href":"https:\/\/www.hirtenberg-apotheke.at\/katalog\/wp-json\/wp\/v2\/media?parent=20702"}],"wp:term":[{"taxonomy":"product_brand","embeddable":true,"href":"https:\/\/www.hirtenberg-apotheke.at\/katalog\/wp-json\/wp\/v2\/product_brand?post=20702"},{"taxonomy":"product_cat","embeddable":true,"href":"https:\/\/www.hirtenberg-apotheke.at\/katalog\/wp-json\/wp\/v2\/product_cat?post=20702"},{"taxonomy":"product_tag","embeddable":true,"href":"https:\/\/www.hirtenberg-apotheke.at\/katalog\/wp-json\/wp\/v2\/product_tag?post=20702"}],"curies":[{"name":"wp","href":"https:\/\/api.w.org\/{rel}","templated":true}]}}