{"id":20710,"date":"2025-11-25T18:55:36","date_gmt":"2025-11-25T17:55:36","guid":{"rendered":"https:\/\/www.hirtenberg-apotheke.at\/katalog\/produkt\/gehwol-hammerzehenpolster-g-rechts-1-stk\/"},"modified":"2025-11-25T18:55:41","modified_gmt":"2025-11-25T17:55:41","slug":"gehwol-hammerzehenpolster-g-rechts-1-stk","status":"publish","type":"product","link":"https:\/\/www.hirtenberg-apotheke.at\/katalog\/produkt\/gehwol-hammerzehenpolster-g-rechts-1-stk\/","title":{"rendered":"Gehwol Hammerzehenpolster G rechts 1 Stk."},"content":{"rendered":"<p>Besonders komfortables weiches Polymer-Gel-Polster mit breiter, elastischer Schlaufe f\u00fcr sicheren Sitz, ohne einzuschn\u00fcren. Verh\u00fctet Hautreizungen und H\u00fchneraugen an Zehenkuppen. Die Belastbarkeit der F\u00fc\u00dfe wird sp\u00fcrbar erh\u00f6ht.<\/p>\n","protected":false},"excerpt":{"rendered":"<p>Besonders komfortables weiches Polymer-Gel-Polster mit breiter, elastischer Schlaufe f\u00fcr sicheren Sitz, ohne einzuschn\u00fcren. Verh\u00fctet Hautreizungen und H\u00fchneraugen an Zehenkuppen. Die Belastbarkeit der F\u00fc\u00dfe wird sp\u00fcrbar erh\u00f6ht.<\/p>\n","protected":false},"featured_media":20712,"template":"","meta":{"_acf_changed":false},"product_brand":[755],"product_cat":[328],"product_tag":[],"class_list":{"0":"post-20710","1":"product","2":"type-product","3":"status-publish","4":"has-post-thumbnail","6":"product_brand-gehwol","7":"product_cat-g","8":"pa_packungsgroesse-1-stueck","10":"first","11":"instock","12":"shipping-taxable","13":"purchasable","14":"product-type-simple"},"acf":[],"_links":{"self":[{"href":"https:\/\/www.hirtenberg-apotheke.at\/katalog\/wp-json\/wp\/v2\/product\/20710","targetHints":{"allow":["GET"]}}],"collection":[{"href":"https:\/\/www.hirtenberg-apotheke.at\/katalog\/wp-json\/wp\/v2\/product"}],"about":[{"href":"https:\/\/www.hirtenberg-apotheke.at\/katalog\/wp-json\/wp\/v2\/types\/product"}],"wp:featuredmedia":[{"embeddable":true,"href":"https:\/\/www.hirtenberg-apotheke.at\/katalog\/wp-json\/wp\/v2\/media\/20712"}],"wp:attachment":[{"href":"https:\/\/www.hirtenberg-apotheke.at\/katalog\/wp-json\/wp\/v2\/media?parent=20710"}],"wp:term":[{"taxonomy":"product_brand","embeddable":true,"href":"https:\/\/www.hirtenberg-apotheke.at\/katalog\/wp-json\/wp\/v2\/product_brand?post=20710"},{"taxonomy":"product_cat","embeddable":true,"href":"https:\/\/www.hirtenberg-apotheke.at\/katalog\/wp-json\/wp\/v2\/product_cat?post=20710"},{"taxonomy":"product_tag","embeddable":true,"href":"https:\/\/www.hirtenberg-apotheke.at\/katalog\/wp-json\/wp\/v2\/product_tag?post=20710"}],"curies":[{"name":"wp","href":"https:\/\/api.w.org\/{rel}","templated":true}]}}