{"id":20730,"date":"2025-11-25T18:55:36","date_gmt":"2025-11-25T17:55:36","guid":{"rendered":"https:\/\/www.hirtenberg-apotheke.at\/katalog\/produkt\/gehwol-nagelpflaster\/"},"modified":"2025-11-25T18:55:52","modified_gmt":"2025-11-25T17:55:52","slug":"gehwol-nagelpflaster","status":"publish","type":"product","link":"https:\/\/www.hirtenberg-apotheke.at\/katalog\/produkt\/gehwol-nagelpflaster\/","title":{"rendered":"Gehwol Nagelpflaster"},"content":{"rendered":"<p>Verwenden Sie Gehwol Nagelpflege bei br\u00fcchigen Fu\u00df- und Fingern\u00e4geln und zur Unterst\u00fctzung der pr\u00e4parativen Behandlung von Nagelmykosen. F\u00f6rdert das Nagelwachstum.<\/p>\n","protected":false},"excerpt":{"rendered":"<p>Verwenden Sie Gehwol Nagelpflege bei br\u00fcchigen Fu\u00df- und Fingern\u00e4geln und zur Unterst\u00fctzung der pr\u00e4parativen Behandlung von Nagelmykosen. F\u00f6rdert das Nagelwachstum.<\/p>\n","protected":false},"featured_media":20732,"template":"","meta":{"_acf_changed":false},"product_brand":[755],"product_cat":[328],"product_tag":[],"class_list":{"0":"post-20730","1":"product","2":"type-product","3":"status-publish","4":"has-post-thumbnail","6":"product_brand-gehwol","7":"product_cat-g","8":"pa_packungsgroesse-15ml","10":"first","11":"instock","12":"shipping-taxable","13":"purchasable","14":"product-type-simple"},"acf":[],"_links":{"self":[{"href":"https:\/\/www.hirtenberg-apotheke.at\/katalog\/wp-json\/wp\/v2\/product\/20730","targetHints":{"allow":["GET"]}}],"collection":[{"href":"https:\/\/www.hirtenberg-apotheke.at\/katalog\/wp-json\/wp\/v2\/product"}],"about":[{"href":"https:\/\/www.hirtenberg-apotheke.at\/katalog\/wp-json\/wp\/v2\/types\/product"}],"wp:featuredmedia":[{"embeddable":true,"href":"https:\/\/www.hirtenberg-apotheke.at\/katalog\/wp-json\/wp\/v2\/media\/20732"}],"wp:attachment":[{"href":"https:\/\/www.hirtenberg-apotheke.at\/katalog\/wp-json\/wp\/v2\/media?parent=20730"}],"wp:term":[{"taxonomy":"product_brand","embeddable":true,"href":"https:\/\/www.hirtenberg-apotheke.at\/katalog\/wp-json\/wp\/v2\/product_brand?post=20730"},{"taxonomy":"product_cat","embeddable":true,"href":"https:\/\/www.hirtenberg-apotheke.at\/katalog\/wp-json\/wp\/v2\/product_cat?post=20730"},{"taxonomy":"product_tag","embeddable":true,"href":"https:\/\/www.hirtenberg-apotheke.at\/katalog\/wp-json\/wp\/v2\/product_tag?post=20730"}],"curies":[{"name":"wp","href":"https:\/\/api.w.org\/{rel}","templated":true}]}}