{"id":20867,"date":"2025-11-25T18:57:01","date_gmt":"2025-11-25T17:57:01","guid":{"rendered":"https:\/\/www.hirtenberg-apotheke.at\/katalog\/produkt\/dettol-antibakterielles-handdesinfektionsgel-50-ml\/"},"modified":"2025-11-25T18:57:12","modified_gmt":"2025-11-25T17:57:12","slug":"dettol-antibakterielles-handdesinfektionsgel-50-ml","status":"publish","type":"product","link":"https:\/\/www.hirtenberg-apotheke.at\/katalog\/produkt\/dettol-antibakterielles-handdesinfektionsgel-50-ml\/","title":{"rendered":"Dettol Antibakterielles Handdesinfektionsgel 50 ml"},"content":{"rendered":"<p>Unterwegs kommen unsere H\u00e4nde mit besonders vielen Keimen und Bakterien in Ber\u00fchrung, gr\u00fcndliche Hand-Hygiene ist dann oft n\u00f6tig, doch nicht immer m\u00f6glich. Hierf\u00fcr bietet das antibakterielle Dettol Hand-Desinfektionsgel eine hygienische Reinigung der H\u00e4nde &#8211; auch ohne Wasser. Es erfrischt, pflegt und entfernt 99,9 % der Bakterien. F\u00fcr hygienisch saubere H\u00e4nde ganz ohne Wasser. Optimal f\u00fcr Unterwegs und auf Reisen. Hautvertr\u00e4glichkeit dermatologisch getestet. Entfernt 99% der Bakterien und spezielle Viren &#8211; Nach umfangreichen Labortests durch ein unabh\u00e4ngiges Fachlabor konnte die Wirksamkeit (>99,9% Inaktivierung) gegen das neuartige Coronavirus (2019-nCoV) SARS-CoV-2 f\u00fcr dieses Produkt nachgewiesen werden, wenn es gem\u00e4\u00df Gebrauchsanweisung verwendet wird.<\/p>\n","protected":false},"excerpt":{"rendered":"<p>Unterwegs kommen unsere H\u00e4nde mit besonders vielen Keimen und Bakterien in Ber\u00fchrung, gr\u00fcndliche Hand-Hygiene ist dann oft n\u00f6tig, doch nicht immer m\u00f6glich. Hierf\u00fcr bietet das antibakterielle Dettol Hand-Desinfektionsgel eine hygienische Reinigung der H\u00e4nde &#8211; auch ohne Wasser. Es erfrischt, pflegt und entfernt 99,9 % der Bakterien. F\u00fcr hygienisch saubere H\u00e4nde ganz ohne Wasser. Optimal f\u00fcr [&hellip;]<\/p>\n","protected":false},"featured_media":20869,"template":"","meta":{"_acf_changed":false},"product_brand":[788],"product_cat":[295],"product_tag":[],"class_list":{"0":"post-20867","1":"product","2":"type-product","3":"status-publish","4":"has-post-thumbnail","6":"product_brand-dettol","7":"product_cat-d","8":"pa_packungsgroesse-50ml","10":"first","11":"instock","12":"shipping-taxable","13":"purchasable","14":"product-type-simple"},"acf":[],"_links":{"self":[{"href":"https:\/\/www.hirtenberg-apotheke.at\/katalog\/wp-json\/wp\/v2\/product\/20867","targetHints":{"allow":["GET"]}}],"collection":[{"href":"https:\/\/www.hirtenberg-apotheke.at\/katalog\/wp-json\/wp\/v2\/product"}],"about":[{"href":"https:\/\/www.hirtenberg-apotheke.at\/katalog\/wp-json\/wp\/v2\/types\/product"}],"wp:featuredmedia":[{"embeddable":true,"href":"https:\/\/www.hirtenberg-apotheke.at\/katalog\/wp-json\/wp\/v2\/media\/20869"}],"wp:attachment":[{"href":"https:\/\/www.hirtenberg-apotheke.at\/katalog\/wp-json\/wp\/v2\/media?parent=20867"}],"wp:term":[{"taxonomy":"product_brand","embeddable":true,"href":"https:\/\/www.hirtenberg-apotheke.at\/katalog\/wp-json\/wp\/v2\/product_brand?post=20867"},{"taxonomy":"product_cat","embeddable":true,"href":"https:\/\/www.hirtenberg-apotheke.at\/katalog\/wp-json\/wp\/v2\/product_cat?post=20867"},{"taxonomy":"product_tag","embeddable":true,"href":"https:\/\/www.hirtenberg-apotheke.at\/katalog\/wp-json\/wp\/v2\/product_tag?post=20867"}],"curies":[{"name":"wp","href":"https:\/\/api.w.org\/{rel}","templated":true}]}}