{"id":21025,"date":"2025-11-25T18:58:32","date_gmt":"2025-11-25T17:58:32","guid":{"rendered":"https:\/\/www.hirtenberg-apotheke.at\/katalog\/produkt\/lactamousse-pflegeschaum-fuer-den-intimbereich-125-ml\/"},"modified":"2025-11-25T18:58:55","modified_gmt":"2025-11-25T17:58:55","slug":"lactamousse-pflegeschaum-fuer-den-intimbereich-125-ml","status":"publish","type":"product","link":"https:\/\/www.hirtenberg-apotheke.at\/katalog\/produkt\/lactamousse-pflegeschaum-fuer-den-intimbereich-125-ml\/","title":{"rendered":"Lactamousse Pflegeschaum f\u00fcr den Intimbereich 125 ml"},"content":{"rendered":"<p>Lactamousse\u00ae reinigt und pflegt den \u00e4u\u00dferen Intimbereich und erh\u00e4lt das saure pH-Milieu der Scheidenumgebung. Durch Erhaltung einer gesunden Scheidenflora bietet es einen nat\u00fcrlichen Schutz vor Scheideninfektionen.<\/p>\n","protected":false},"excerpt":{"rendered":"<p>Lactamousse\u00ae reinigt und pflegt den \u00e4u\u00dferen Intimbereich und erh\u00e4lt das saure pH-Milieu der Scheidenumgebung. Durch Erhaltung einer gesunden Scheidenflora bietet es einen nat\u00fcrlichen Schutz vor Scheideninfektionen.<\/p>\n","protected":false},"featured_media":0,"template":"","meta":{"_acf_changed":false},"product_brand":[],"product_cat":[317],"product_tag":[],"class_list":{"0":"post-21025","1":"product","2":"type-product","3":"status-publish","5":"product_cat-l","6":"pa_packungsgroesse-125ml","7":"pa_packungsgroesse-40ml","9":"first","10":"instock","11":"shipping-taxable","12":"purchasable","13":"product-type-simple"},"acf":[],"_links":{"self":[{"href":"https:\/\/www.hirtenberg-apotheke.at\/katalog\/wp-json\/wp\/v2\/product\/21025","targetHints":{"allow":["GET"]}}],"collection":[{"href":"https:\/\/www.hirtenberg-apotheke.at\/katalog\/wp-json\/wp\/v2\/product"}],"about":[{"href":"https:\/\/www.hirtenberg-apotheke.at\/katalog\/wp-json\/wp\/v2\/types\/product"}],"wp:attachment":[{"href":"https:\/\/www.hirtenberg-apotheke.at\/katalog\/wp-json\/wp\/v2\/media?parent=21025"}],"wp:term":[{"taxonomy":"product_brand","embeddable":true,"href":"https:\/\/www.hirtenberg-apotheke.at\/katalog\/wp-json\/wp\/v2\/product_brand?post=21025"},{"taxonomy":"product_cat","embeddable":true,"href":"https:\/\/www.hirtenberg-apotheke.at\/katalog\/wp-json\/wp\/v2\/product_cat?post=21025"},{"taxonomy":"product_tag","embeddable":true,"href":"https:\/\/www.hirtenberg-apotheke.at\/katalog\/wp-json\/wp\/v2\/product_tag?post=21025"}],"curies":[{"name":"wp","href":"https:\/\/api.w.org\/{rel}","templated":true}]}}