{"id":21046,"date":"2025-11-25T18:58:55","date_gmt":"2025-11-25T17:58:55","guid":{"rendered":"https:\/\/www.hirtenberg-apotheke.at\/katalog\/produkt\/ombe-kapseln-fuer-die-florale-balance-der-frau-28-stk\/"},"modified":"2025-11-25T18:58:57","modified_gmt":"2025-11-25T17:58:57","slug":"ombe-kapseln-fuer-die-florale-balance-der-frau-28-stk","status":"publish","type":"product","link":"https:\/\/www.hirtenberg-apotheke.at\/katalog\/produkt\/ombe-kapseln-fuer-die-florale-balance-der-frau-28-stk\/","title":{"rendered":"Ombe Kapseln f\u00fcr die florale Balance der Frau 28 Stk."},"content":{"rendered":"<p>Omb\u2018e\u00ae ist eine probiotische Nahrungserg\u00e4nzung speziell f\u00fcr die Frau. Es kann die Zahl der n\u00fctzlichen Lactobazillen im Vaginalbereich steigern, die florale Balance aufrecht erhalten und die Qualit\u00e4t der Scheidenflora verbessern.<\/p>\n","protected":false},"excerpt":{"rendered":"<p>Omb\u2018e\u00ae ist eine probiotische Nahrungserg\u00e4nzung speziell f\u00fcr die Frau. Es kann die Zahl der n\u00fctzlichen Lactobazillen im Vaginalbereich steigern, die florale Balance aufrecht erhalten und die Qualit\u00e4t der Scheidenflora verbessern.<\/p>\n","protected":false},"featured_media":0,"template":"","meta":{"_acf_changed":false},"product_brand":[],"product_cat":[349],"product_tag":[],"class_list":{"0":"post-21046","1":"product","2":"type-product","3":"status-publish","5":"product_cat-o","6":"pa_packungsgroesse-28-stueck","8":"first","9":"instock","10":"shipping-taxable","11":"purchasable","12":"product-type-simple"},"acf":[],"_links":{"self":[{"href":"https:\/\/www.hirtenberg-apotheke.at\/katalog\/wp-json\/wp\/v2\/product\/21046","targetHints":{"allow":["GET"]}}],"collection":[{"href":"https:\/\/www.hirtenberg-apotheke.at\/katalog\/wp-json\/wp\/v2\/product"}],"about":[{"href":"https:\/\/www.hirtenberg-apotheke.at\/katalog\/wp-json\/wp\/v2\/types\/product"}],"wp:attachment":[{"href":"https:\/\/www.hirtenberg-apotheke.at\/katalog\/wp-json\/wp\/v2\/media?parent=21046"}],"wp:term":[{"taxonomy":"product_brand","embeddable":true,"href":"https:\/\/www.hirtenberg-apotheke.at\/katalog\/wp-json\/wp\/v2\/product_brand?post=21046"},{"taxonomy":"product_cat","embeddable":true,"href":"https:\/\/www.hirtenberg-apotheke.at\/katalog\/wp-json\/wp\/v2\/product_cat?post=21046"},{"taxonomy":"product_tag","embeddable":true,"href":"https:\/\/www.hirtenberg-apotheke.at\/katalog\/wp-json\/wp\/v2\/product_tag?post=21046"}],"curies":[{"name":"wp","href":"https:\/\/api.w.org\/{rel}","templated":true}]}}