{"id":21065,"date":"2025-11-25T18:58:55","date_gmt":"2025-11-25T17:58:55","guid":{"rendered":"https:\/\/www.hirtenberg-apotheke.at\/katalog\/produkt\/eubos-waschstueck-125-g-blau\/"},"modified":"2025-11-25T18:59:09","modified_gmt":"2025-11-25T17:59:09","slug":"eubos-waschstueck-125-g-blau","status":"publish","type":"product","link":"https:\/\/www.hirtenberg-apotheke.at\/katalog\/produkt\/eubos-waschstueck-125-g-blau\/","title":{"rendered":"Eubos Waschst\u00fcck 125 g Blau"},"content":{"rendered":"<p>Eubos Fest Waschst\u00fcck ist ein seifenfreies Waschst\u00fcck (Syndet) zur t\u00e4glichen, medizinisch schonenden K\u00f6rperreinigung f\u00fcr Mischhaut und unreine Haut.<\/p>\n","protected":false},"excerpt":{"rendered":"<p>Eubos Fest Waschst\u00fcck ist ein seifenfreies Waschst\u00fcck (Syndet) zur t\u00e4glichen, medizinisch schonenden K\u00f6rperreinigung f\u00fcr Mischhaut und unreine Haut.<\/p>\n","protected":false},"featured_media":21067,"template":"","meta":{"_acf_changed":false},"product_brand":[709],"product_cat":[307],"product_tag":[],"class_list":{"0":"post-21065","1":"product","2":"type-product","3":"status-publish","4":"has-post-thumbnail","6":"product_brand-eubos","7":"product_cat-e","8":"pa_farbe-blau","9":"pa_packungsgroesse-125g","11":"first","12":"instock","13":"shipping-taxable","14":"purchasable","15":"product-type-simple"},"acf":[],"_links":{"self":[{"href":"https:\/\/www.hirtenberg-apotheke.at\/katalog\/wp-json\/wp\/v2\/product\/21065","targetHints":{"allow":["GET"]}}],"collection":[{"href":"https:\/\/www.hirtenberg-apotheke.at\/katalog\/wp-json\/wp\/v2\/product"}],"about":[{"href":"https:\/\/www.hirtenberg-apotheke.at\/katalog\/wp-json\/wp\/v2\/types\/product"}],"wp:featuredmedia":[{"embeddable":true,"href":"https:\/\/www.hirtenberg-apotheke.at\/katalog\/wp-json\/wp\/v2\/media\/21067"}],"wp:attachment":[{"href":"https:\/\/www.hirtenberg-apotheke.at\/katalog\/wp-json\/wp\/v2\/media?parent=21065"}],"wp:term":[{"taxonomy":"product_brand","embeddable":true,"href":"https:\/\/www.hirtenberg-apotheke.at\/katalog\/wp-json\/wp\/v2\/product_brand?post=21065"},{"taxonomy":"product_cat","embeddable":true,"href":"https:\/\/www.hirtenberg-apotheke.at\/katalog\/wp-json\/wp\/v2\/product_cat?post=21065"},{"taxonomy":"product_tag","embeddable":true,"href":"https:\/\/www.hirtenberg-apotheke.at\/katalog\/wp-json\/wp\/v2\/product_tag?post=21065"}],"curies":[{"name":"wp","href":"https:\/\/api.w.org\/{rel}","templated":true}]}}