{"id":21074,"date":"2025-11-25T18:59:12","date_gmt":"2025-11-25T17:59:12","guid":{"rendered":"https:\/\/www.hirtenberg-apotheke.at\/katalog\/produkt\/eubos-fluessig-wasch-und-dusch-blau-nachfuellung-400-ml\/"},"modified":"2025-11-25T18:59:15","modified_gmt":"2025-11-25T17:59:15","slug":"eubos-fluessig-wasch-und-dusch-blau-nachfuellung-400-ml","status":"publish","type":"product","link":"https:\/\/www.hirtenberg-apotheke.at\/katalog\/produkt\/eubos-fluessig-wasch-und-dusch-blau-nachfuellung-400-ml\/","title":{"rendered":"Eubos Fl\u00fcssig Wasch und Dusch Blau Nachf\u00fcllung 400 ml"},"content":{"rendered":"<p>Eubos Fl\u00fcssig Wasch+Dusch ist eine Wasch-, Dusch- und Badeemulsion zur t\u00e4glichen, medizinisch schonenden K\u00f6rperreinigung f\u00fcr normale, Mischhaut und unreine Haut.<\/p>\n","protected":false},"excerpt":{"rendered":"<p>Eubos Fl\u00fcssig Wasch+Dusch ist eine Wasch-, Dusch- und Badeemulsion zur t\u00e4glichen, medizinisch schonenden K\u00f6rperreinigung f\u00fcr normale, Mischhaut und unreine Haut.<\/p>\n","protected":false},"featured_media":21076,"template":"","meta":{"_acf_changed":false},"product_brand":[709],"product_cat":[307],"product_tag":[],"class_list":{"0":"post-21074","1":"product","2":"type-product","3":"status-publish","4":"has-post-thumbnail","6":"product_brand-eubos","7":"product_cat-e","8":"pa_packungsgroesse-400ml","10":"first","11":"instock","12":"shipping-taxable","13":"purchasable","14":"product-type-simple"},"acf":[],"_links":{"self":[{"href":"https:\/\/www.hirtenberg-apotheke.at\/katalog\/wp-json\/wp\/v2\/product\/21074","targetHints":{"allow":["GET"]}}],"collection":[{"href":"https:\/\/www.hirtenberg-apotheke.at\/katalog\/wp-json\/wp\/v2\/product"}],"about":[{"href":"https:\/\/www.hirtenberg-apotheke.at\/katalog\/wp-json\/wp\/v2\/types\/product"}],"wp:featuredmedia":[{"embeddable":true,"href":"https:\/\/www.hirtenberg-apotheke.at\/katalog\/wp-json\/wp\/v2\/media\/21076"}],"wp:attachment":[{"href":"https:\/\/www.hirtenberg-apotheke.at\/katalog\/wp-json\/wp\/v2\/media?parent=21074"}],"wp:term":[{"taxonomy":"product_brand","embeddable":true,"href":"https:\/\/www.hirtenberg-apotheke.at\/katalog\/wp-json\/wp\/v2\/product_brand?post=21074"},{"taxonomy":"product_cat","embeddable":true,"href":"https:\/\/www.hirtenberg-apotheke.at\/katalog\/wp-json\/wp\/v2\/product_cat?post=21074"},{"taxonomy":"product_tag","embeddable":true,"href":"https:\/\/www.hirtenberg-apotheke.at\/katalog\/wp-json\/wp\/v2\/product_tag?post=21074"}],"curies":[{"name":"wp","href":"https:\/\/api.w.org\/{rel}","templated":true}]}}