{"id":21119,"date":"2025-11-25T18:59:29","date_gmt":"2025-11-25T17:59:29","guid":{"rendered":"https:\/\/www.hirtenberg-apotheke.at\/katalog\/produkt\/eucerin-ph5-lotion-fuer-empfindliche-haut-nachfuellpackung\/"},"modified":"2025-11-25T18:59:39","modified_gmt":"2025-11-25T17:59:39","slug":"eucerin-ph5-lotion-fuer-empfindliche-haut-nachfuellpackung","status":"publish","type":"product","link":"https:\/\/www.hirtenberg-apotheke.at\/katalog\/produkt\/eucerin-ph5-lotion-fuer-empfindliche-haut-nachfuellpackung\/","title":{"rendered":"Eucerin PH5 Lotion f\u00fcr empfindliche Haut Nachf\u00fcllpackung"},"content":{"rendered":"<p>Eucerin pH5 Lotion ist eine milde und doch wirkungsvolle K\u00f6rperlotion, die speziell f\u00fcr empfindliche K\u00f6rperhaut entwickelt wurde. Sie enth\u00e4lt den pH5-Enzymschutz, der nachweislich die hauteigenen Enzyme aktiviert. Durch die St\u00e4rkung der nat\u00fcrlichen Hautabwehr von innen f\u00f6rdert die Rezeptur den Wiederaufbau der pH-Werte, f\u00f6rdert die Regeneration und f\u00fcllt die hauteigenen Feuchtigkeitsdepots f\u00fcr bis zu 24 Stunden auf.<\/p>\n","protected":false},"excerpt":{"rendered":"<p>Eucerin pH5 Lotion ist eine milde und doch wirkungsvolle K\u00f6rperlotion, die speziell f\u00fcr empfindliche K\u00f6rperhaut entwickelt wurde. Sie enth\u00e4lt den pH5-Enzymschutz, der nachweislich die hauteigenen Enzyme aktiviert. Durch die St\u00e4rkung der nat\u00fcrlichen Hautabwehr von innen f\u00f6rdert die Rezeptur den Wiederaufbau der pH-Werte, f\u00f6rdert die Regeneration und f\u00fcllt die hauteigenen Feuchtigkeitsdepots f\u00fcr bis zu 24 Stunden [&hellip;]<\/p>\n","protected":false},"featured_media":0,"template":"","meta":{"_acf_changed":false},"product_brand":[694],"product_cat":[307],"product_tag":[],"class_list":{"0":"post-21119","1":"product","2":"type-product","3":"status-publish","5":"product_brand-eucerin","6":"product_cat-e","7":"pa_packungsgroesse-400ml","9":"first","10":"instock","11":"shipping-taxable","12":"purchasable","13":"product-type-simple"},"acf":[],"_links":{"self":[{"href":"https:\/\/www.hirtenberg-apotheke.at\/katalog\/wp-json\/wp\/v2\/product\/21119","targetHints":{"allow":["GET"]}}],"collection":[{"href":"https:\/\/www.hirtenberg-apotheke.at\/katalog\/wp-json\/wp\/v2\/product"}],"about":[{"href":"https:\/\/www.hirtenberg-apotheke.at\/katalog\/wp-json\/wp\/v2\/types\/product"}],"wp:attachment":[{"href":"https:\/\/www.hirtenberg-apotheke.at\/katalog\/wp-json\/wp\/v2\/media?parent=21119"}],"wp:term":[{"taxonomy":"product_brand","embeddable":true,"href":"https:\/\/www.hirtenberg-apotheke.at\/katalog\/wp-json\/wp\/v2\/product_brand?post=21119"},{"taxonomy":"product_cat","embeddable":true,"href":"https:\/\/www.hirtenberg-apotheke.at\/katalog\/wp-json\/wp\/v2\/product_cat?post=21119"},{"taxonomy":"product_tag","embeddable":true,"href":"https:\/\/www.hirtenberg-apotheke.at\/katalog\/wp-json\/wp\/v2\/product_tag?post=21119"}],"curies":[{"name":"wp","href":"https:\/\/api.w.org\/{rel}","templated":true}]}}