{"id":21126,"date":"2025-11-25T18:59:29","date_gmt":"2025-11-25T17:59:29","guid":{"rendered":"https:\/\/www.hirtenberg-apotheke.at\/katalog\/produkt\/eucerin-ph5-duschoel-fuer-empfindliche-haut-nachfuellpackung\/"},"modified":"2025-11-25T18:59:43","modified_gmt":"2025-11-25T17:59:43","slug":"eucerin-ph5-duschoel-fuer-empfindliche-haut-nachfuellpackung","status":"publish","type":"product","link":"https:\/\/www.hirtenberg-apotheke.at\/katalog\/produkt\/eucerin-ph5-duschoel-fuer-empfindliche-haut-nachfuellpackung\/","title":{"rendered":"Eucerin PH5 Dusch\u00f6l f\u00fcr empfindliche Haut Nachf\u00fcllpackung"},"content":{"rendered":"<p>Eucerin pH5 Dusch\u00f6l wurde speziell f\u00fcr die Anforderungen empfindlicher Haut entwickelt. Seine einzigartige Kombination aus pH5-Citratpuffer und besonders milden Tensiden sch\u00fctzt die hauteigenen Enzyme. Durch die intensive R\u00fcckfettung wird die Haut verw\u00f6hnt und f\u00fchlt sich samtweich ein. Es verhindert selbst bei h\u00e4ufigem Duschen das Austrocknen.<\/p>\n","protected":false},"excerpt":{"rendered":"<p>Eucerin pH5 Dusch\u00f6l wurde speziell f\u00fcr die Anforderungen empfindlicher Haut entwickelt. Seine einzigartige Kombination aus pH5-Citratpuffer und besonders milden Tensiden sch\u00fctzt die hauteigenen Enzyme. Durch die intensive R\u00fcckfettung wird die Haut verw\u00f6hnt und f\u00fchlt sich samtweich ein. Es verhindert selbst bei h\u00e4ufigem Duschen das Austrocknen.<\/p>\n","protected":false},"featured_media":0,"template":"","meta":{"_acf_changed":false},"product_brand":[694],"product_cat":[307],"product_tag":[],"class_list":{"0":"post-21126","1":"product","2":"type-product","3":"status-publish","5":"product_brand-eucerin","6":"product_cat-e","7":"pa_packungsgroesse-400ml","9":"first","10":"instock","11":"shipping-taxable","12":"purchasable","13":"product-type-simple"},"acf":[],"_links":{"self":[{"href":"https:\/\/www.hirtenberg-apotheke.at\/katalog\/wp-json\/wp\/v2\/product\/21126","targetHints":{"allow":["GET"]}}],"collection":[{"href":"https:\/\/www.hirtenberg-apotheke.at\/katalog\/wp-json\/wp\/v2\/product"}],"about":[{"href":"https:\/\/www.hirtenberg-apotheke.at\/katalog\/wp-json\/wp\/v2\/types\/product"}],"wp:attachment":[{"href":"https:\/\/www.hirtenberg-apotheke.at\/katalog\/wp-json\/wp\/v2\/media?parent=21126"}],"wp:term":[{"taxonomy":"product_brand","embeddable":true,"href":"https:\/\/www.hirtenberg-apotheke.at\/katalog\/wp-json\/wp\/v2\/product_brand?post=21126"},{"taxonomy":"product_cat","embeddable":true,"href":"https:\/\/www.hirtenberg-apotheke.at\/katalog\/wp-json\/wp\/v2\/product_cat?post=21126"},{"taxonomy":"product_tag","embeddable":true,"href":"https:\/\/www.hirtenberg-apotheke.at\/katalog\/wp-json\/wp\/v2\/product_tag?post=21126"}],"curies":[{"name":"wp","href":"https:\/\/api.w.org\/{rel}","templated":true}]}}