{"id":21135,"date":"2025-11-25T18:59:45","date_gmt":"2025-11-25T17:59:45","guid":{"rendered":"https:\/\/www.hirtenberg-apotheke.at\/katalog\/produkt\/dermasel-badesalz-spa-400-g-erkaeltung\/"},"modified":"2025-11-25T18:59:49","modified_gmt":"2025-11-25T17:59:49","slug":"dermasel-badesalz-spa-400-g-erkaeltung","status":"publish","type":"product","link":"https:\/\/www.hirtenberg-apotheke.at\/katalog\/produkt\/dermasel-badesalz-spa-400-g-erkaeltung\/","title":{"rendered":"Dermasel Badesalz spa 400 g Erk\u00e4ltung"},"content":{"rendered":"<p>Dermasel Badesalz spa verw\u00f6hnt mit duftenden Essenzen und ausgesuchten Naturextrakten. In Kombination mit den wertvollen Mineralsalzen aus dem Toten Meer bilden sie eine ganzheitlich Wellness-Pflege. F\u00fcr vollendenten Einklang von K\u00f6rper und Seele und ein wunderbar glattes Hautgef\u00fchl.<\/p>\n","protected":false},"excerpt":{"rendered":"<p>Dermasel Badesalz spa verw\u00f6hnt mit duftenden Essenzen und ausgesuchten Naturextrakten. In Kombination mit den wertvollen Mineralsalzen aus dem Toten Meer bilden sie eine ganzheitlich Wellness-Pflege. F\u00fcr vollendenten Einklang von K\u00f6rper und Seele und ein wunderbar glattes Hautgef\u00fchl.<\/p>\n","protected":false},"featured_media":0,"template":"","meta":{"_acf_changed":false},"product_brand":[700],"product_cat":[295],"product_tag":[],"class_list":{"0":"post-21135","1":"product","2":"type-product","3":"status-publish","5":"product_brand-dermasel","6":"product_cat-d","7":"pa_packungsgroesse-400g","9":"first","10":"instock","11":"shipping-taxable","12":"purchasable","13":"product-type-simple"},"acf":[],"_links":{"self":[{"href":"https:\/\/www.hirtenberg-apotheke.at\/katalog\/wp-json\/wp\/v2\/product\/21135","targetHints":{"allow":["GET"]}}],"collection":[{"href":"https:\/\/www.hirtenberg-apotheke.at\/katalog\/wp-json\/wp\/v2\/product"}],"about":[{"href":"https:\/\/www.hirtenberg-apotheke.at\/katalog\/wp-json\/wp\/v2\/types\/product"}],"wp:attachment":[{"href":"https:\/\/www.hirtenberg-apotheke.at\/katalog\/wp-json\/wp\/v2\/media?parent=21135"}],"wp:term":[{"taxonomy":"product_brand","embeddable":true,"href":"https:\/\/www.hirtenberg-apotheke.at\/katalog\/wp-json\/wp\/v2\/product_brand?post=21135"},{"taxonomy":"product_cat","embeddable":true,"href":"https:\/\/www.hirtenberg-apotheke.at\/katalog\/wp-json\/wp\/v2\/product_cat?post=21135"},{"taxonomy":"product_tag","embeddable":true,"href":"https:\/\/www.hirtenberg-apotheke.at\/katalog\/wp-json\/wp\/v2\/product_tag?post=21135"}],"curies":[{"name":"wp","href":"https:\/\/api.w.org\/{rel}","templated":true}]}}