{"id":21173,"date":"2025-11-25T19:00:01","date_gmt":"2025-11-25T18:00:01","guid":{"rendered":"https:\/\/www.hirtenberg-apotheke.at\/katalog\/produkt\/lasepton-baby-schutz-creme-25-ml\/"},"modified":"2025-11-25T19:00:23","modified_gmt":"2025-11-25T18:00:23","slug":"lasepton-baby-schutz-creme-25-ml","status":"publish","type":"product","link":"https:\/\/www.hirtenberg-apotheke.at\/katalog\/produkt\/lasepton-baby-schutz-creme-25-ml\/","title":{"rendered":"Lasepton BABY Schutz-Creme 25 ml"},"content":{"rendered":"<p>Lasepton BABY Schutz-Creme enth\u00e4lt hochwertige nat\u00fcrliche und pflanzliche Inhaltsstoffe wie Omega 3- &#038; 9-\u00d6le, Aloe Vera, Allantoin sowie hautpflegendes Dexpanthenol und Zinkoxid. Bildet einen Schutzfilm gegen N\u00e4sse und Wundwerden .<\/p>\n","protected":false},"excerpt":{"rendered":"<p>Lasepton BABY Schutz-Creme enth\u00e4lt hochwertige nat\u00fcrliche und pflanzliche Inhaltsstoffe wie Omega 3- &#038; 9-\u00d6le, Aloe Vera, Allantoin sowie hautpflegendes Dexpanthenol und Zinkoxid. Bildet einen Schutzfilm gegen N\u00e4sse und Wundwerden .<\/p>\n","protected":false},"featured_media":0,"template":"","meta":{"_acf_changed":false},"product_brand":[757],"product_cat":[317],"product_tag":[],"class_list":{"0":"post-21173","1":"product","2":"type-product","3":"status-publish","5":"product_brand-lasepton","6":"product_cat-l","7":"pa_packungsgroesse-250ml","8":"pa_packungsgroesse-25ml","10":"first","11":"instock","12":"shipping-taxable","13":"purchasable","14":"product-type-simple"},"acf":[],"_links":{"self":[{"href":"https:\/\/www.hirtenberg-apotheke.at\/katalog\/wp-json\/wp\/v2\/product\/21173","targetHints":{"allow":["GET"]}}],"collection":[{"href":"https:\/\/www.hirtenberg-apotheke.at\/katalog\/wp-json\/wp\/v2\/product"}],"about":[{"href":"https:\/\/www.hirtenberg-apotheke.at\/katalog\/wp-json\/wp\/v2\/types\/product"}],"wp:attachment":[{"href":"https:\/\/www.hirtenberg-apotheke.at\/katalog\/wp-json\/wp\/v2\/media?parent=21173"}],"wp:term":[{"taxonomy":"product_brand","embeddable":true,"href":"https:\/\/www.hirtenberg-apotheke.at\/katalog\/wp-json\/wp\/v2\/product_brand?post=21173"},{"taxonomy":"product_cat","embeddable":true,"href":"https:\/\/www.hirtenberg-apotheke.at\/katalog\/wp-json\/wp\/v2\/product_cat?post=21173"},{"taxonomy":"product_tag","embeddable":true,"href":"https:\/\/www.hirtenberg-apotheke.at\/katalog\/wp-json\/wp\/v2\/product_tag?post=21173"}],"curies":[{"name":"wp","href":"https:\/\/api.w.org\/{rel}","templated":true}]}}