{"id":21263,"date":"2025-11-25T19:01:00","date_gmt":"2025-11-25T18:01:00","guid":{"rendered":"https:\/\/www.hirtenberg-apotheke.at\/katalog\/produkt\/eucerin-urea-complete-repair-urea-5-lotion-fuer-trockene-haut\/"},"modified":"2025-11-25T19:01:09","modified_gmt":"2025-11-25T18:01:09","slug":"eucerin-urea-complete-repair-urea-5-lotion-fuer-trockene-haut","status":"publish","type":"product","link":"https:\/\/www.hirtenberg-apotheke.at\/katalog\/produkt\/eucerin-urea-complete-repair-urea-5-lotion-fuer-trockene-haut\/","title":{"rendered":"Eucerin UREA COMPLETE REPAIR + Urea 5% Lotion f\u00fcr trockene Haut"},"content":{"rendered":"<p>Eucerin 5% Urea Repair PLUS Lotion &#8211; Intensive Pflege f\u00fcr trockene bis sehr trockene Haut. Die leichte, hochwirksame K\u00f6rperlotion spendet und bindet intensiv Feuchtigkeit. Sie beruhigt die Haut sofort und sch\u00fctzt 48 h vor trockener Haut.<\/p>\n","protected":false},"excerpt":{"rendered":"<p>Eucerin 5% Urea Repair PLUS Lotion &#8211; Intensive Pflege f\u00fcr trockene bis sehr trockene Haut. Die leichte, hochwirksame K\u00f6rperlotion spendet und bindet intensiv Feuchtigkeit. Sie beruhigt die Haut sofort und sch\u00fctzt 48 h vor trockener Haut.<\/p>\n","protected":false},"featured_media":0,"template":"","meta":{"_acf_changed":false},"product_brand":[694],"product_cat":[307],"product_tag":[],"class_list":{"0":"post-21263","1":"product","2":"type-product","3":"status-publish","5":"product_brand-eucerin","6":"product_cat-e","7":"pa_packungsgroesse-250ml","9":"first","10":"instock","11":"shipping-taxable","12":"purchasable","13":"product-type-simple"},"acf":[],"_links":{"self":[{"href":"https:\/\/www.hirtenberg-apotheke.at\/katalog\/wp-json\/wp\/v2\/product\/21263","targetHints":{"allow":["GET"]}}],"collection":[{"href":"https:\/\/www.hirtenberg-apotheke.at\/katalog\/wp-json\/wp\/v2\/product"}],"about":[{"href":"https:\/\/www.hirtenberg-apotheke.at\/katalog\/wp-json\/wp\/v2\/types\/product"}],"wp:attachment":[{"href":"https:\/\/www.hirtenberg-apotheke.at\/katalog\/wp-json\/wp\/v2\/media?parent=21263"}],"wp:term":[{"taxonomy":"product_brand","embeddable":true,"href":"https:\/\/www.hirtenberg-apotheke.at\/katalog\/wp-json\/wp\/v2\/product_brand?post=21263"},{"taxonomy":"product_cat","embeddable":true,"href":"https:\/\/www.hirtenberg-apotheke.at\/katalog\/wp-json\/wp\/v2\/product_cat?post=21263"},{"taxonomy":"product_tag","embeddable":true,"href":"https:\/\/www.hirtenberg-apotheke.at\/katalog\/wp-json\/wp\/v2\/product_tag?post=21263"}],"curies":[{"name":"wp","href":"https:\/\/api.w.org\/{rel}","templated":true}]}}