{"id":21324,"date":"2025-11-25T19:01:43","date_gmt":"2025-11-25T18:01:43","guid":{"rendered":"https:\/\/www.hirtenberg-apotheke.at\/katalog\/produkt\/louis-widmer-remederm-koerpercreme-unparfuemiert\/"},"modified":"2025-11-25T19:01:55","modified_gmt":"2025-11-25T18:01:55","slug":"louis-widmer-remederm-koerpercreme-unparfuemiert","status":"publish","type":"product","link":"https:\/\/www.hirtenberg-apotheke.at\/katalog\/produkt\/louis-widmer-remederm-koerpercreme-unparfuemiert\/","title":{"rendered":"Louis Widmer Remederm K\u00f6rpercreme unparf\u00fcmiert"},"content":{"rendered":"<p>Louis Widmer Remederm K\u00f6rpercreme unparf\u00fcmiert wurde speziell f\u00fcr die trockene, gereizte und ger\u00f6tete Haut sowie die Altershaut entwickelt. Sie eignet sich hervorragend zur Vorbeugung und Nachbehandlung von Schwangerschaftsstreifen..<\/p>\n","protected":false},"excerpt":{"rendered":"<p>Louis Widmer Remederm K\u00f6rpercreme unparf\u00fcmiert wurde speziell f\u00fcr die trockene, gereizte und ger\u00f6tete Haut sowie die Altershaut entwickelt. Sie eignet sich hervorragend zur Vorbeugung und Nachbehandlung von Schwangerschaftsstreifen..<\/p>\n","protected":false},"featured_media":0,"template":"","meta":{"_acf_changed":false},"product_brand":[647],"product_cat":[317],"product_tag":[],"class_list":{"0":"post-21324","1":"product","2":"type-product","3":"status-publish","5":"product_brand-louis-widmer","6":"product_cat-l","7":"pa_packungsgroesse-250ml","9":"first","10":"instock","11":"shipping-taxable","12":"purchasable","13":"product-type-simple"},"acf":[],"_links":{"self":[{"href":"https:\/\/www.hirtenberg-apotheke.at\/katalog\/wp-json\/wp\/v2\/product\/21324","targetHints":{"allow":["GET"]}}],"collection":[{"href":"https:\/\/www.hirtenberg-apotheke.at\/katalog\/wp-json\/wp\/v2\/product"}],"about":[{"href":"https:\/\/www.hirtenberg-apotheke.at\/katalog\/wp-json\/wp\/v2\/types\/product"}],"wp:attachment":[{"href":"https:\/\/www.hirtenberg-apotheke.at\/katalog\/wp-json\/wp\/v2\/media?parent=21324"}],"wp:term":[{"taxonomy":"product_brand","embeddable":true,"href":"https:\/\/www.hirtenberg-apotheke.at\/katalog\/wp-json\/wp\/v2\/product_brand?post=21324"},{"taxonomy":"product_cat","embeddable":true,"href":"https:\/\/www.hirtenberg-apotheke.at\/katalog\/wp-json\/wp\/v2\/product_cat?post=21324"},{"taxonomy":"product_tag","embeddable":true,"href":"https:\/\/www.hirtenberg-apotheke.at\/katalog\/wp-json\/wp\/v2\/product_tag?post=21324"}],"curies":[{"name":"wp","href":"https:\/\/api.w.org\/{rel}","templated":true}]}}